{"id":260,"date":"2021-04-28T10:11:34","date_gmt":"2021-04-28T10:11:34","guid":{"rendered":"https:\/\/stage.kodteatrum.hu\/despre-noi\/"},"modified":"2022-03-01T12:13:07","modified_gmt":"2022-03-01T12:13:07","slug":"despre-noi","status":"publish","type":"page","link":"https:\/\/stage.kodteatrum.hu\/ro\/despre-noi\/","title":{"rendered":"Despre noi"},"content":{"rendered":"\t\t<div data-elementor-type=\"wp-page\" data-elementor-id=\"260\" class=\"elementor elementor-260 elementor-6\">\n\t\t\t\t\t\t\t\t\t<section class=\"elementor-section elementor-top-section elementor-element elementor-element-6345078 elementor-section-boxed elementor-section-height-default elementor-section-height-default\" data-id=\"6345078\" data-element_type=\"section\">\n\t\t\t\t\t\t<div class=\"elementor-container elementor-column-gap-default\">\n\t\t\t\t\t<div class=\"elementor-column elementor-col-100 elementor-top-column elementor-element elementor-element-8f9cc3e\" data-id=\"8f9cc3e\" data-element_type=\"column\">\n\t\t\t<div class=\"elementor-widget-wrap\">\n\t\t\t\t\t\t\t\t\t<\/div>\n\t\t<\/div>\n\t\t\t\t\t\t\t<\/div>\n\t\t<\/section>\n\t\t\t\t<section class=\"elementor-section elementor-top-section elementor-element elementor-element-e22f668 elementor-section-boxed elementor-section-height-default elementor-section-height-default\" data-id=\"e22f668\" data-element_type=\"section\">\n\t\t\t\t\t\t<div class=\"elementor-container elementor-column-gap-default\">\n\t\t\t\t\t<div class=\"elementor-column elementor-col-100 elementor-top-column elementor-element elementor-element-f5b03c0\" data-id=\"f5b03c0\" data-element_type=\"column\">\n\t\t\t<div class=\"elementor-widget-wrap elementor-element-populated\">\n\t\t\t\t\t\t\t\t<div class=\"elementor-element elementor-element-75da8ee elementor-widget elementor-widget-eael-adv-tabs\" data-id=\"75da8ee\" data-element_type=\"widget\" data-widget_type=\"eael-adv-tabs.default\">\n\t\t\t\t<div class=\"elementor-widget-container\">\n\t\t\t        <div id=\"eael-advance-tabs-75da8ee\" class=\"eael-advance-tabs eael-tabs-horizontal eael-tab-auto-active \" data-tabid=\"75da8ee\">\n            <div class=\"eael-tabs-nav\" role=\"tablist\">\n                <ul class=\"eael-tab-top-icon\" role=\"tablist\">\n                                            <li id=\"kd-tetrum\" class=\" eael-tab-item-trigger\" aria-selected=\"true\" data-tab=\"1\" role=\"tab\" tabindex=\"0\" aria-controls=\"kd-tetrum-tab\" aria-expanded=\"false\">\n                            \n                                                                <img decoding=\"async\" src=\"http:\/\/stage.kodteatrum.hu\/wp-content\/uploads\/2022\/02\/KOD_Teatrum_logo-kicsi.jpg\" alt=\"\">\n                                                            \n                            \n                                                            <span class=\"eael-tab-title  title-after-icon\">K\u00d3D Te\u00e1trum<\/span>                                                    <\/li>\n                                            <li id=\"klcsey-ferenc-fgimnzium\" class=\"inactive eael-tab-item-trigger\" aria-selected=\"false\" data-tab=\"2\" role=\"tab\" tabindex=\"-1\" aria-controls=\"klcsey-ferenc-fgimnzium-tab\" aria-expanded=\"false\">\n                            \n                                                                <img decoding=\"async\" src=\"http:\/\/stage.kodteatrum.hu\/wp-content\/uploads\/2022\/02\/kolcsey.png\" alt=\"\">\n                                                            \n                            \n                                                            <span class=\"eael-tab-title  title-after-icon\">K\u00f6lcsey Ferenc F\u0151gimn\u00e1zium<\/span>                                                    <\/li>\n                                            <li id=\"digiq\" class=\"inactive eael-tab-item-trigger\" aria-selected=\"false\" data-tab=\"3\" role=\"tab\" tabindex=\"-1\" aria-controls=\"digiq-tab\" aria-expanded=\"false\">\n                            \n                                                                <img decoding=\"async\" src=\"http:\/\/stage.kodteatrum.hu\/wp-content\/uploads\/2022\/02\/digiq-logo.jpg\" alt=\"\">\n                                                            \n                            \n                                                            <span class=\"eael-tab-title  title-after-icon\">digiQ<\/span>                                                    <\/li>\n                                            <li id=\"abacusan-stdi\" class=\"inactive eael-tab-item-trigger\" aria-selected=\"false\" data-tab=\"4\" role=\"tab\" tabindex=\"-1\" aria-controls=\"abacusan-stdi-tab\" aria-expanded=\"false\">\n                            \n                                                                <img decoding=\"async\" src=\"http:\/\/stage.kodteatrum.hu\/wp-content\/uploads\/2022\/02\/Abacusan_Vertikalis_FINAL_NE\u0301GYZET.png\" alt=\"\">\n                                                            \n                            \n                                                            <span class=\"eael-tab-title  title-after-icon\">Abacusan St\u00fadi\u00f3<\/span>                                                    <\/li>\n                                    <\/ul>\n            <\/div>\n            \n            <div class=\"eael-tabs-content\">\n\t\t        \n                    <div id=\"kd-tetrum-tab\" class=\"clearfix eael-tab-content-item \" data-title-link=\"kd-tetrum-tab\">\n\t\t\t\t        \t\t\t\t\t        <p>#companie de teatru amator, #spectacole emo\u021bionante, #educa\u021bie teatral\u0103, #siguran\u021b\u0103 pe internet, #texte contemporane, #drame clasice<\/p>\n<p>Atelierul nostru de teatru, fondat \u0219i \u00eentre\u021binut de Funda\u021bia Giving Hungary, \u00ee\u0219i extinde \u00een mod constant repertoriul cu spectacole noi \u0219i inovatoare.<\/p>\n<p>Aceste prezent\u0103ri pot fi \u00eemp\u0103r\u021bite \u00een dou\u0103 grupe: vom face prezent\u0103ri despre spa\u021biul digital, despre conexiuni, ar\u0103t\u00e2nd cum func\u021bioneaz\u0103 \u00een realitate \u0219i care sunt pericolele pe care le prezint\u0103, ar\u0103t\u00e2nd o oglind\u0103 c\u0103tre tinerii de ast\u0103zi pentru a-i face mai con\u0219tien\u021bi de utilizarea lor \u00een aceast\u0103 lume.<\/p>\n<p>Cel\u0103lalt grup este reprezentat de punerea \u00een scen\u0103 a unor drame \u0219i piese de teatru contemporane \u0219i clasice, pe care \u00eencerc\u0103m s\u0103 le leg\u0103m de programa \u0219colar\u0103 de literatur\u0103 maghiar\u0103, astfel \u00eenc\u00e2t s\u0103 contribuim \u0219i la \u00eembog\u0103\u021birea trat\u0103rii operelor ca lec\u021bie neconven\u021bional\u0103 de limba maghiar\u0103.<\/p>\n<p>Prezent\u0103rile noastre sunt deschise oricui, la orele anun\u021bate. Intrarea este gratuit\u0103 pentru profesori. \u00cen plus, se pot organiza spectacole private pentru \u0219coli sau clase \u00een sala noastr\u0103 de teatru, cu deplasare la locul de desf\u0103\u0219urare, dac\u0103 este necesar. Dac\u0103 nu pute\u021bi face o programare pentru o prezentare live, prezent\u0103rile noastre despre siguran\u021ba pe internet pot fi \u00eenregistrate.<\/p>\t\t\t\t                            <\/div>\n\t\t        \n                    <div id=\"klcsey-ferenc-fgimnzium-tab\" class=\"clearfix eael-tab-content-item inactive\" data-title-link=\"klcsey-ferenc-fgimnzium-tab\">\n\t\t\t\t        \t\t\t\t\t        <h3>Oktat\u00e1spolitik\u00e1nk: \u00e9rt\u00e9kmeg\u0151rz\u00e9s, \u00e9rt\u00e9kteremt\u00e9s<\/h3>\n<p>Colegiul Na\u0163ional \u201eK\u00f6lcsey Ferenc\u201d este unul dintre cele mai prestigioase colegii din Satu Mare. Are o continuitate remarcabil\u0103 \u00een educa\u0163ia minorit\u0103\u0163ii maghiare din Satu Mare. La baza activit\u0103\u0163ii sale st\u0103 formarea tinerei genera\u0163ii \u00een spiritul tradi\u0163iilor locale \u015fi a celor europene. \u00cen paralel cu formarea \u015ftiin\u0163ific\u0103 \u015fi cultural\u0103 contribuim la apropierea dintre oameni, cunoa\u015fterea \u015fi acceptarea reciproc\u0103 \u00een vederea unei convie\u0163uiri armonioase. Dorim s\u0103 devenim un punct de leg\u0103tur\u0103 \u00eentre familie \u015fi comunitate, unde interesele elevilor \u015fi p\u0103rin\u0163ilor s\u0103 coincid\u0103 cu scopurile \u015fi necesit\u0103\u0163ile comunit\u0103\u0163ii. Principalul imperativ al \u015fcolii este asigurarea calit\u0103\u0163ii \u00een toate domeniile de activitate, corelarea intereselor individuale cu cele ale comunit\u0103\u0163ii \u015fi formarea unei atitudini civice active \u015fi participative \u00een concordan\u0163\u0103 cu standardele europene. Viziunea institu\u021biei noastre este reflectat\u0103 \u00een sloganul \u0219colii \u0219i anume,prin munca ta s\u0103 adaugi ceva la dezvoltarea comunit\u0103\u021bii tale\u201d, derivat\u0103 din g\u00e2ndirea marelui poet \u0219i reformist K\u00f6lcsey Ferenc. A p\u0103stra mereu \u00een suflet miracolul copil\u0103riei este unica \u0219ans\u0103 de a deveni membri ai unei societ\u0103\u021bi \u00een toat\u0103 puterea cuv\u00e2ntului. Jocul este cunoa\u0219tere, cunoa\u0219terea \u00eenseamn\u0103 putere.<\/p>\n<p>P\u0103str\u0103m spiritul lui K\u00f6lcsey, motto-ul ales de \u0219coala noastr\u0103 este un obiectiv pe care elevii no\u0219tri trebuie s\u0103-l urmeze: \"Ura, crea\u021bi, \u00eembog\u0103\u021bi\u021bi...\" . Nu promitem o c\u0103l\u0103torie u\u0219oar\u0103 pentru studen\u021bii no\u0219tri. Dar ceea ce le oferim este o cunoa\u0219tere care \u00eei preg\u0103te\u0219te pentru viitor, care nu este o comoar\u0103, ci o for\u021b\u0103 de supravie\u021buire: \"alfabetizarea, un instrument pentru a r\u0103m\u00e2ne pe pozi\u021bii, un instrument de exprimare, o arm\u0103 de ini\u021biativ\u0103\" (L\u00e1szl\u00f3 N\u00e9meth).<\/p>\t\t\t\t                            <\/div>\n\t\t        \n                    <div id=\"digiq-tab\" class=\"clearfix eael-tab-content-item inactive\" data-title-link=\"digiq-tab\">\n\t\t\t\t        \t\t\t\t\t        <div class=\"elementor-element elementor-element-6cb0445 sc_fly_static elementor-widget elementor-widget-trx_sc_title animated fadeInLeft\" data-id=\"6cb0445\" data-element_type=\"widget\" data-settings=\"{\"_animation\":\"fadeInLeft\"}\" data-widget_type=\"trx_sc_title.default\">\n<div class=\"elementor-widget-container\">\n<div id=\"trx_sc_title_570133929\" class=\"sc_title text_position_horizontal sc_title_default h1_tag_style\"><span class=\"sc_item_subtitle sc_title_subtitle sc_item_subtitle_above sc_item_title_style_default h1_tag_style\"><span>Credem c\u0103 copiii \u0219i tinerii pot \u0219i doresc s\u0103 fie<\/span><\/span>\n<h2 class=\"sc_item_title sc_title_title sc_item_title_style_default h1_tag_style sc_item_title_tag\"><span class=\"sc_item_title_text\"><span>INTELIGENT DIN PUNCT DE VEDERE DIGITAL<\/span><\/span><\/h2>\n<\/div>\n<\/div>\n<\/div>\n<div class=\"elementor-element elementor-element-0c7c8c6 sc_height_medium sc_fly_static elementor-widget elementor-widget-spacer\" data-id=\"0c7c8c6\" data-element_type=\"widget\" data-widget_type=\"spacer.default\">\n<div class=\"elementor-widget-container\">\n<div class=\"elementor-spacer\">\n<div class=\"elementor-spacer-inner\"> <\/div>\n<\/div>\n<\/div>\n<\/div>\n<div class=\"elementor-element elementor-element-e33e0d0 sc_fly_static elementor-widget elementor-widget-text-editor animated fadeIn\" data-id=\"e33e0d0\" data-element_type=\"widget\" data-settings=\"{\"_animation\":\"fadeIn\"}\" data-widget_type=\"text-editor.default\">\n<div class=\"elementor-widget-container\">\n<div class=\"elementor-text-editor elementor-clearfix\">\n<p><span>A tehnologiile secolului XXI \u0219i mediile digitale permit comunicarea, colaborarea, dialogul \u0219i dezbaterea la toate nivelurile societ\u0103\u021bii. \u00cen acela\u0219i timp, progresul care \u00eenl\u0103tur\u0103 grani\u021bele dintre cet\u0103\u021beni ne face mai con\u0219tien\u021bi de valorile noastre fundamentale \u0219i de propria noastr\u0103 viziune asupra lumii. Grani\u021bele virtuale inexistente pun la \u00eencercare respectul fa\u021b\u0103 de ceilal\u021bi, fa\u021b\u0103 de opiniile, tradi\u021biile, religia lor. <\/span><\/p>\n<p><span>Consider\u0103m c\u0103 educa\u021bia pentru cet\u0103\u021benie digital\u0103 \u0219i abord\u0103rile interdisciplinare \u0219i intersectoriale <\/span><strong><span>s\u0103 doteze tinerii cu competen\u021be \u0219i s\u0103 promoveze toleran\u021ba \u0219i \u00een\u021belegerea<\/span><\/strong><span> care sunt at\u00e2t de str\u00e2ns legate de acceptare, sensibilitate \u0219i umilin\u021b\u0103. <\/span> <\/p>\n<p><span>Cet\u0103\u021benia digital\u0103 \u00ee\u0219i propune s\u0103 schimbe atitudinile cu privire la ceea ce \u00eenseamn\u0103 securitatea \u00eentr-o lume digital\u0103 transparent\u0103. <\/span><strong><span>Cet\u0103\u021benia digital\u0103 \u00eenseamn\u0103 asumarea responsabilit\u0103\u021bii pentru propriul comportament \u00een spa\u021biul online.<\/span><\/strong><br><span>Credem c\u0103 copiii \u0219i tinerii pot \u0219i doresc s\u0103 fie inteligen\u021bi din punct de vedere digital.<\/span><\/p>\n<p><b><span>Haide\u021bi s\u0103 facem acest lucru posibil pentru ei!<\/span><\/b><\/p>\n<\/div>\n<\/div>\n<\/div>\t\t\t\t                            <\/div>\n\t\t        \n                    <div id=\"abacusan-stdi-tab\" class=\"clearfix eael-tab-content-item inactive\" data-title-link=\"abacusan-stdi-tab\">\n\t\t\t\t        \t\t\t\t\t        <blockquote>\n<p> <strong>\"Sta\u021bi pe umerii no\u0219tri ca s\u0103 putem vedea mai departe!\"<\/strong><\/p>\n<\/blockquote>\n<p><strong>Abacusan Studio<\/strong> a fost \u00eenfiin\u021bat \u00een 2008 de Fortune Hungary Kft. ca activitate de servicii de educa\u021bie, iar \u00een 2013. \u00ee\u0219i presteaz\u0103 serviciile ca societate independent\u0103 din 2014 \u0219i ca societate cu r\u0103spundere limitat\u0103 f\u0103r\u0103 scop lucrativ din 2014. 2013. \u00een toamn\u0103, <strong>Asocia\u021bia maghiar\u0103 a organiza\u021biilor de sprijinire a talentelor<\/strong> <strong>\u00cenregistrat ca centru de talente, 2017. Acreditat ca un centru de talente excep\u021bionale \u00een prim\u0103var\u0103<\/strong>.<\/p>\n<blockquote>\n<p><strong>Compania noastr\u0103 organizeaz\u0103 programe educa\u021bionale, de formare, de con\u0219tientizare \u0219i pentru familii, competi\u021bii complexe \u0219i servicii pentru membrii de toate v\u00e2rstele, precum \u0219i servicii pentru un timp liber util \u0219i de calitate.<\/strong><\/p>\n<\/blockquote>\n<h4> <\/h4>\n<h4><strong>Accent pe STEAM<\/strong><\/h4>\n<p><a href=\"http:\/\/abacusan.hu\/wp-content\/uploads\/2014\/08\/STEAM.jpg\"><img loading=\"lazy\" decoding=\"async\" class=\"alignnone size-medium wp-image-2836\" src=\"http:\/\/abacusan.hu\/wp-content\/uploads\/2014\/08\/STEAM-300x63.jpg\" sizes=\"auto, (max-width: 300px) 100vw, 300px\" srcset=\"https:\/\/abacusan.hu\/wp-content\/uploads\/2014\/08\/STEAM-300x63.jpg 300w, https:\/\/abacusan.hu\/wp-content\/uploads\/2014\/08\/STEAM.jpg 578w\" alt=\"STEAM\" width=\"300\" height=\"63\"><\/a><\/p>\n<blockquote>\n<p><strong>Programele se concentreaz\u0103 pe domeniile \u0219tiin\u021bei, tehnologiei informa\u021biei, tehnologiei, matematicii \u0219i artei, care sunt prescurtate STEAM \u00een terminologia pedagogic\u0103 interna\u021bional\u0103,<\/strong><\/p>\n<\/blockquote>\n<p>dar \u0219i cu accent pe limbile str\u0103ine \u0219i pe \u0219tiin\u021bele umaniste \u0219i sociale.<\/p>\n<p>Monitoriz\u0103m \u00een mod constant <strong>instrumentele \u0219i metodele inovatoare \u0219i noi ale STEAM<\/strong> \u00een Ungaria \u0219i \u00een practica interna\u021bional\u0103 \u0219i le prezent\u0103m \u0219i aplic\u0103m \u00een activit\u0103\u021bile \u0219i concursurile noastre.<\/p>\n<h4><strong>Managementul talentelor<\/strong><\/h4>\n<p><strong>Oferim copiilor, de la v\u00e2rsta pre\u0219colar\u0103 p\u00e2n\u0103 la v\u00e2rsta adult\u0103,<\/strong>servicii de dezvoltare a talentelor \u0219i competen\u021belor prin diverse metode de \u00eenv\u0103\u021bare informal\u0103.<\/p>\n<blockquote>\n<p><strong>Programele noastre sunt deschise tuturor copiilor interesa\u021bi.<\/strong><\/p>\n<\/blockquote>\n<p>Lucr\u00e2nd \u00eempreun\u0103, vom lansa programe de talente suplimentare pentru copiii care dau dovad\u0103 de abilit\u0103\u021bi \u0219i motiva\u021bie deosebite.<\/p>\n<p><strong>Programul nostru de gestionare<\/strong> a talentelor se desf\u0103\u0219oar\u0103 pe trei <strong>niveluri interconectate<\/strong>, \u00een func\u021bie <strong>de grupe de v\u00e2rst\u0103 \u0219i de teme<\/strong>. Pentru elevii de liceu, vom dezvolta o tem\u0103 de alegere a carierei cu implicarea \u0219i participarea activ\u0103 a institu\u021biilor de \u00eenv\u0103\u021b\u0103m\u00e2nt superior \u0219i a companiilor.<\/p>\n<h4><strong>Abordare complex\u0103, dezvoltare personal\u0103 <\/strong><\/h4>\n<blockquote>\n<p><strong>Crezul Studioului Abacusan este c\u0103 ne str\u0103duim s\u0103 ob\u021binem complexitate \u00een con\u021binutul programelor noastre.<\/strong><\/p>\n<\/blockquote>\n<p>Prin aceast\u0103 abordare, ne propunem s\u0103 le oferim copiilor care particip\u0103 la programele noastre o \u00een\u021belegere mai profund\u0103 a lumii din jurul lor, a \u0219tiin\u021bei \u00een unitatea \u0219i contextul s\u0103u, precum \u0219i s\u0103 descopere noi abord\u0103ri ale domeniului pe care l-au ales, privindu-l dintr-o nou\u0103 perspectiv\u0103.<\/p>\n<p>Credem c\u0103 ar trebui s\u0103 se acorde <strong>o aten\u021bie special\u0103 dezvolt\u0103rii \u0219i motiva\u021biei copiilor cu abilit\u0103\u021bi specifice limitate<\/strong> (de exemplu, dislexie, hiperactivitate). Suntem <strong>sprijini\u021bi \u00een acest sens de profesioni\u0219ti<\/strong>excelen\u021bi \u0219i recunoscu\u021bi.<\/p>\n<blockquote>\n<p><strong>Atunci c\u00e2nd concepem programele, urm\u0103rim s\u0103 ne asigur\u0103m c\u0103 fiecare copil care particip\u0103 la ele \u00ee\u0219i poate valorifica la maximum competen\u021bele \u0219i abilit\u0103\u021bile.<\/strong><\/p>\n<\/blockquote>\n<p>Aceast\u0103 ambi\u021bie este sus\u021binut\u0103 de complexitatea sarcinilor \u0219i de competi\u021bia pe echipe.<\/p>\n<blockquote>\n<p><strong>De asemenea, facem din dezvoltarea competen\u021belor copiilor o prioritate \u00een programele noastre.<\/strong><\/p>\n<\/blockquote>\n<p>Prin conceperea temelor, stabilirea sarcinilor \u0219i planificarea metodelor de lucru ale activit\u0103\u021bilor, urm\u0103rim s\u0103 dezvolt\u0103m competen\u021bele sociale, \u00een\u021belegerea textului, motricitatea fin\u0103, g\u00e2ndirea logic\u0103 \u0219i con\u0219tientizarea mediului.<\/p>\t\t\t\t                            <\/div>\n\t\t                    <\/div>\n        <\/div>\n\t\t<\/div>\n\t\t\t\t<\/div>\n\t\t\t\t\t<\/div>\n\t\t<\/div>\n\t\t\t\t\t\t\t<\/div>\n\t\t<\/section>\n\t\t\t\t\t\t\t<\/div>\n\t\t","protected":false},"excerpt":{"rendered":"<p class=\"post-excerpt\">K\u00d3D Te\u00e1trum K\u00f6lcsey Ferenc F\u0151gimn\u00e1zium digiQ Abacusan St\u00fadi\u00f3 #companie de teatru amator, #spectacole emo\u021bionante, #educa\u021bie teatral\u0103, #siguran\u021b\u0103 pe internet, #texte&#8230;<\/p>\n","protected":false},"author":1,"featured_media":0,"parent":0,"menu_order":0,"comment_status":"closed","ping_status":"closed","template":"template-fullwidth.php","meta":{"footnotes":""},"class_list":["post-260","page","type-page","status-publish","hentry"],"_links":{"self":[{"href":"https:\/\/stage.kodteatrum.hu\/ro\/wp-json\/wp\/v2\/pages\/260","targetHints":{"allow":["GET"]}}],"collection":[{"href":"https:\/\/stage.kodteatrum.hu\/ro\/wp-json\/wp\/v2\/pages"}],"about":[{"href":"https:\/\/stage.kodteatrum.hu\/ro\/wp-json\/wp\/v2\/types\/page"}],"author":[{"embeddable":true,"href":"https:\/\/stage.kodteatrum.hu\/ro\/wp-json\/wp\/v2\/users\/1"}],"replies":[{"embeddable":true,"href":"https:\/\/stage.kodteatrum.hu\/ro\/wp-json\/wp\/v2\/comments?post=260"}],"version-history":[{"count":1,"href":"https:\/\/stage.kodteatrum.hu\/ro\/wp-json\/wp\/v2\/pages\/260\/revisions"}],"predecessor-version":[{"id":261,"href":"https:\/\/stage.kodteatrum.hu\/ro\/wp-json\/wp\/v2\/pages\/260\/revisions\/261"}],"wp:attachment":[{"href":"https:\/\/stage.kodteatrum.hu\/ro\/wp-json\/wp\/v2\/media?parent=260"}],"curies":[{"name":"wp","href":"https:\/\/api.w.org\/{rel}","templated":true}]}}