{"id":253,"date":"2021-04-28T10:11:34","date_gmt":"2021-04-28T10:11:34","guid":{"rendered":"https:\/\/stage.kodteatrum.hu\/about-us\/"},"modified":"2022-03-01T11:55:02","modified_gmt":"2022-03-01T11:55:02","slug":"about-us","status":"publish","type":"page","link":"https:\/\/stage.kodteatrum.hu\/en\/about-us\/","title":{"rendered":"About us"},"content":{"rendered":"\t\t<div data-elementor-type=\"wp-page\" data-elementor-id=\"253\" class=\"elementor elementor-253 elementor-6\">\n\t\t\t\t\t\t\t\t\t<section class=\"elementor-section elementor-top-section elementor-element elementor-element-6345078 elementor-section-boxed elementor-section-height-default elementor-section-height-default\" data-id=\"6345078\" data-element_type=\"section\">\n\t\t\t\t\t\t<div class=\"elementor-container elementor-column-gap-default\">\n\t\t\t\t\t<div class=\"elementor-column elementor-col-100 elementor-top-column elementor-element elementor-element-8f9cc3e\" data-id=\"8f9cc3e\" data-element_type=\"column\">\n\t\t\t<div class=\"elementor-widget-wrap\">\n\t\t\t\t\t\t\t\t\t<\/div>\n\t\t<\/div>\n\t\t\t\t\t\t\t<\/div>\n\t\t<\/section>\n\t\t\t\t<section class=\"elementor-section elementor-top-section elementor-element elementor-element-e22f668 elementor-section-boxed elementor-section-height-default elementor-section-height-default\" data-id=\"e22f668\" data-element_type=\"section\">\n\t\t\t\t\t\t<div class=\"elementor-container elementor-column-gap-default\">\n\t\t\t\t\t<div class=\"elementor-column elementor-col-100 elementor-top-column elementor-element elementor-element-f5b03c0\" data-id=\"f5b03c0\" data-element_type=\"column\">\n\t\t\t<div class=\"elementor-widget-wrap elementor-element-populated\">\n\t\t\t\t\t\t\t\t<div class=\"elementor-element elementor-element-75da8ee elementor-widget elementor-widget-eael-adv-tabs\" data-id=\"75da8ee\" data-element_type=\"widget\" data-widget_type=\"eael-adv-tabs.default\">\n\t\t\t\t<div class=\"elementor-widget-container\">\n\t\t\t        <div id=\"eael-advance-tabs-75da8ee\" class=\"eael-advance-tabs eael-tabs-horizontal eael-tab-auto-active \" data-tabid=\"75da8ee\">\n            <div class=\"eael-tabs-nav\" role=\"tablist\">\n                <ul class=\"eael-tab-top-icon\" role=\"tablist\">\n                                            <li id=\"kd-tetrum\" class=\" eael-tab-item-trigger\" aria-selected=\"true\" data-tab=\"1\" role=\"tab\" tabindex=\"0\" aria-controls=\"kd-tetrum-tab\" aria-expanded=\"false\">\n                            \n                                                                <img decoding=\"async\" src=\"http:\/\/stage.kodteatrum.hu\/wp-content\/uploads\/2022\/02\/KOD_Teatrum_logo-kicsi.jpg\" alt=\"\">\n                                                            \n                            \n                                                            <span class=\"eael-tab-title  title-after-icon\">K\u00d3D Te\u00e1trum<\/span>                                                    <\/li>\n                                            <li id=\"klcsey-ferenc-fgimnzium\" class=\"inactive eael-tab-item-trigger\" aria-selected=\"false\" data-tab=\"2\" role=\"tab\" tabindex=\"-1\" aria-controls=\"klcsey-ferenc-fgimnzium-tab\" aria-expanded=\"false\">\n                            \n                                                                <img decoding=\"async\" src=\"http:\/\/stage.kodteatrum.hu\/wp-content\/uploads\/2022\/02\/kolcsey.png\" alt=\"\">\n                                                            \n                            \n                                                            <span class=\"eael-tab-title  title-after-icon\">K\u00f6lcsey Ferenc F\u0151gimn\u00e1zium<\/span>                                                    <\/li>\n                                            <li id=\"digiq\" class=\"inactive eael-tab-item-trigger\" aria-selected=\"false\" data-tab=\"3\" role=\"tab\" tabindex=\"-1\" aria-controls=\"digiq-tab\" aria-expanded=\"false\">\n                            \n                                                                <img decoding=\"async\" src=\"http:\/\/stage.kodteatrum.hu\/wp-content\/uploads\/2022\/02\/digiq-logo.jpg\" alt=\"\">\n                                                            \n                            \n                                                            <span class=\"eael-tab-title  title-after-icon\">digiQ<\/span>                                                    <\/li>\n                                            <li id=\"abacusan-stdi\" class=\"inactive eael-tab-item-trigger\" aria-selected=\"false\" data-tab=\"4\" role=\"tab\" tabindex=\"-1\" aria-controls=\"abacusan-stdi-tab\" aria-expanded=\"false\">\n                            \n                                                                <img decoding=\"async\" src=\"http:\/\/stage.kodteatrum.hu\/wp-content\/uploads\/2022\/02\/Abacusan_Vertikalis_FINAL_NE\u0301GYZET.png\" alt=\"\">\n                                                            \n                            \n                                                            <span class=\"eael-tab-title  title-after-icon\">Abacusan St\u00fadi\u00f3<\/span>                                                    <\/li>\n                                    <\/ul>\n            <\/div>\n            \n            <div class=\"eael-tabs-content\">\n\t\t        \n                    <div id=\"kd-tetrum-tab\" class=\"clearfix eael-tab-content-item \" data-title-link=\"kd-tetrum-tab\">\n\t\t\t\t        \t\t\t\t\t        <p>#amateur theatre company, #emotional performances, #theatre education, #internet safety, #contemporary texts, #classical dramas<\/p>\n<p>Founded and maintained by the Giving Hungary Foundation, our theatre workshop is constantly expanding its repertoire with new and innovative performances.<\/p>\n<p>These presentations can be divided into two groups: we will make presentations on the digital space, on connections, showing how it works in reality and the dangers it poses, holding up a mirror to today's youth to make them more aware of their use in this world.<\/p>\n<p>The other group is the staging of contemporary and classical dramas and plays, with which we try to link to the Hungarian literature curriculum, so we can also help to enrich the treatment of the works as an unconventional Hungarian lesson.<\/p>\n<p>Our presentations are open to anyone at our advertised times. The entry is free for teachers. In addition, private performances can be organised for schools or classes in our theatre hall, with travel to the venue if required. If you are unable to make an appointment for a live presentation, our internet safety presentations can also be recorded.<\/p>\t\t\t\t                            <\/div>\n\t\t        \n                    <div id=\"klcsey-ferenc-fgimnzium-tab\" class=\"clearfix eael-tab-content-item inactive\" data-title-link=\"klcsey-ferenc-fgimnzium-tab\">\n\t\t\t\t        \t\t\t\t\t        <h3>Our education policy: preserving value, creating value<\/h3>\n<p>Our school, K\u00f6lcsey Ferenc High school, is situated in Romania in the little town of Satu Mare, which due to its geographical location and its historical background, represents a culture cross of the three nationalities living here (Romanians, Hungarians and Germans). This heritage leads to cultural diversity which puts a stamp on our school\u2019s everyday life. Our school is for the Hungarian minority, giving them the chance to be educated in their mother tongue and the spirit of Hungarian culture, yet placing emphasis on the surrounding Romanian culture as well. We pride ourselves of being a successful and innovative school of the region that combines traditional with modern, focusing on the curriculum but also being open-minded, providing an education which results in students ready to meet challenges. We prepare our students for their school leaving examination and life-long learning. We educate students from the age of 3 to 19, from kindergarten to high- level study. Our high school profile stands in teaching Mathematics, Informatics, Biology, languages (English, German and French) and social sciences. The number of our students has risen significantly in the past years, we have 1042 students to date from which 582 pupils attend high school. Our school shows an active and pro-active attitude towards preserving and prospering both local and national cultures and traditions.<\/p>\n<p>We preserve the spirit of K\u00f6lcsey, our school's chosen motto is a goal for our students to follow: \"Hate, create, enrich...\" . We do not promise an easy journey for our students. We want to make our students to be proud of their culture but to be interested in finding out new ideas about other cultures as well. The other important aim is to compare the values and symbols of two different regions and ways of living: that of students who are living in a big city, and that of students from a little town, living in a multicultural background as members of a minority.<\/p>\t\t\t\t                            <\/div>\n\t\t        \n                    <div id=\"digiq-tab\" class=\"clearfix eael-tab-content-item inactive\" data-title-link=\"digiq-tab\">\n\t\t\t\t        \t\t\t\t\t        <div class=\"elementor-element elementor-element-6cb0445 sc_fly_static elementor-widget elementor-widget-trx_sc_title animated fadeInLeft\" data-id=\"6cb0445\" data-element_type=\"widget\" data-settings=\"{\"_animation\":\"fadeInLeft\"}\" data-widget_type=\"trx_sc_title.default\">\n<div class=\"elementor-widget-container\">\n<div id=\"trx_sc_title_570133929\" class=\"sc_title text_position_horizontal sc_title_default h1_tag_style\"><span class=\"sc_item_subtitle sc_title_subtitle sc_item_subtitle_above sc_item_title_style_default h1_tag_style\"><span>We believe that children and young people can and want to be<\/span><\/span>\n<h2 class=\"sc_item_title sc_title_title sc_item_title_style_default h1_tag_style sc_item_title_tag\"><span class=\"sc_item_title_text\"><span>DIGITALLY INTELLIGENT<\/span><\/span><\/h2>\n<\/div>\n<\/div>\n<\/div>\n<div class=\"elementor-element elementor-element-0c7c8c6 sc_height_medium sc_fly_static elementor-widget elementor-widget-spacer\" data-id=\"0c7c8c6\" data-element_type=\"widget\" data-widget_type=\"spacer.default\">\n<div class=\"elementor-widget-container\">\n<div class=\"elementor-spacer\">\n<div class=\"elementor-spacer-inner\"> <\/div>\n<\/div>\n<\/div>\n<\/div>\n<div class=\"elementor-element elementor-element-e33e0d0 sc_fly_static elementor-widget elementor-widget-text-editor animated fadeIn\" data-id=\"e33e0d0\" data-element_type=\"widget\" data-settings=\"{\"_animation\":\"fadeIn\"}\" data-widget_type=\"text-editor.default\">\n<div class=\"elementor-widget-container\">\n<div class=\"elementor-text-editor elementor-clearfix\">\n<p><span>The 21st century technologies and digital media enable communication, collaboration, dialogue and debate at all levels of society. At the same time, progress that removes boundaries between citizens makes us more aware of our core values and our own worldview. Non-existent virtual borders test the respect of others, their opinions, their traditions, their religion. <\/span><\/p>\n<p><span>We believe that digital citizenship education and interdisciplinary and cross-sectoral approaches <\/span><strong><span>equip young people with skills and promote tolerance and understanding<\/span><\/strong><span> which are so closely linked to acceptance, sensitivity and humility. <\/span> <\/p>\n<p><span>Digital Citizenship aims to change attitudes about what security means in a transparent digital world. <\/span><strong><span>Digital citizenship is about taking responsibility for your own behaviour in the online space.<\/span><\/strong><br><span>We believe that children and young people can and want to be digitally smart.<\/span><\/p>\n<p><b><span>Let's make it possible for them!<\/span><\/b><\/p>\n<\/div>\n<\/div>\n<\/div>\t\t\t\t                            <\/div>\n\t\t        \n                    <div id=\"abacusan-stdi-tab\" class=\"clearfix eael-tab-content-item inactive\" data-title-link=\"abacusan-stdi-tab\">\n\t\t\t\t        \t\t\t\t\t        <blockquote>\n<p> <strong>\"Stand on our shoulders so we can see further!\"<\/strong><\/p>\n<\/blockquote>\n<p><strong>Abacusan Studio<\/strong> was established in 2008 by Fortune Hungary Kft. as its education services business, and in 2013. has been providing its services as an independent company since 2014 and as a non-profit limited liability company since 2014. 2013. became a member of the <strong>Association of Hungarian Talent Support Organisations<\/strong> <strong>Registered as a Talent Centre, 2017. accredited as an Outstanding Talent Centre in spring<\/strong>.<\/p>\n<blockquote>\n<p><strong>Our company organises educational, training, awareness-raising and family programmes, complex competitions and services for members of all age groups, as well as services for a useful and quality leisure time.<\/strong><\/p>\n<\/blockquote>\n<h4> <\/h4>\n<h4><strong>Focus on STEAM<\/strong><\/h4>\n<p><a href=\"http:\/\/abacusan.hu\/wp-content\/uploads\/2014\/08\/STEAM.jpg\"><img loading=\"lazy\" decoding=\"async\" class=\"alignnone size-medium wp-image-2836\" src=\"http:\/\/abacusan.hu\/wp-content\/uploads\/2014\/08\/STEAM-300x63.jpg\" sizes=\"auto, (max-width: 300px) 100vw, 300px\" srcset=\"https:\/\/abacusan.hu\/wp-content\/uploads\/2014\/08\/STEAM-300x63.jpg 300w, https:\/\/abacusan.hu\/wp-content\/uploads\/2014\/08\/STEAM.jpg 578w\" alt=\"STEAM\" width=\"300\" height=\"63\"><\/a><\/p>\n<blockquote>\n<p><strong>The programmes focus on the areas of science, information technology, technology, mathematics and the arts, which are abbreviated STEAM in international pedagogical terminology,<\/strong><\/p>\n<\/blockquote>\n<p>but also with an emphasis on foreign languages and humanities and social sciences.<\/p>\n<p>We constantly follow the innovative, <strong>new tools and methods of the STEAM field in Hungary and in international practice<\/strong>, and we present and apply them in our activities and competitions.<\/p>\n<h4><strong>Talent management<\/strong><\/h4>\n<p>We provide <strong>children from pre-school<\/strong> through to adulthood with enriching, enriching, talent and competence development services through a variety of informal learning methods.<\/p>\n<blockquote>\n<p><strong>Our programmes are open to all interested children.<\/strong><\/p>\n<\/blockquote>\n<p>Working together, we will launch additional talent programmes for children with outstanding abilities and motivation.<\/p>\n<p><strong>Our talent management<\/strong> programme is implemented at <strong>three interlocking levels<\/strong>, according to age <strong>groups and themes<\/strong>. Career guidance for secondary school students will be developed with the involvement and active participation of higher education institutions and companies.<\/p>\n<h4><strong>Complex approach, personal development <\/strong><\/h4>\n<blockquote>\n<p><strong>Abacusan Studio's credo is that we strive for complexity in the content of our programmes.<\/strong><\/p>\n<\/blockquote>\n<p>With this approach, our aim is for the children who participate in our programmes to see the world around them, the sciences, as a whole, in their context, to learn more about their chosen field, and to discover new approaches to the sciences by seeing them in a new light.<\/p>\n<p>It is our belief that special <strong>attention should be paid to the development and motivation of children with specific skill limitations<\/strong> (e.g. dyslexia, hyperactivity). We are supported in this by <strong>excellent, recognised<\/strong> professionals.<\/p>\n<blockquote>\n<p><strong>When designing programmes, we strive to ensure that each child who takes part in them can make the most of their skills and abilities.<\/strong><\/p>\n<\/blockquote>\n<p>This ambition is supported by the complexity of the tasks and the team competition.<\/p>\n<blockquote>\n<p><strong>We also make the development of children's competences a priority in our programmes.<\/strong><\/p>\n<\/blockquote>\n<p>When designing the themes, setting the tasks and planning the working methods of the activities, we aim to develop social competences, text comprehension, fine motor skills, logical thinking and environmental awareness.<\/p>\t\t\t\t                            <\/div>\n\t\t                    <\/div>\n        <\/div>\n\t\t<\/div>\n\t\t\t\t<\/div>\n\t\t\t\t\t<\/div>\n\t\t<\/div>\n\t\t\t\t\t\t\t<\/div>\n\t\t<\/section>\n\t\t\t\t\t\t\t<\/div>\n\t\t","protected":false},"excerpt":{"rendered":"<p class=\"post-excerpt\">K\u00d3D Te\u00e1trum K\u00f6lcsey Ferenc F\u0151gimn\u00e1zium digiQ Abacusan St\u00fadi\u00f3 #amateur theatre company, #emotional performances, #theatre education, #internet safety, #contemporary texts, #classical&#8230;<\/p>\n","protected":false},"author":1,"featured_media":0,"parent":0,"menu_order":0,"comment_status":"closed","ping_status":"closed","template":"template-fullwidth.php","meta":{"footnotes":""},"class_list":["post-253","page","type-page","status-publish","hentry"],"_links":{"self":[{"href":"https:\/\/stage.kodteatrum.hu\/en\/wp-json\/wp\/v2\/pages\/253","targetHints":{"allow":["GET"]}}],"collection":[{"href":"https:\/\/stage.kodteatrum.hu\/en\/wp-json\/wp\/v2\/pages"}],"about":[{"href":"https:\/\/stage.kodteatrum.hu\/en\/wp-json\/wp\/v2\/types\/page"}],"author":[{"embeddable":true,"href":"https:\/\/stage.kodteatrum.hu\/en\/wp-json\/wp\/v2\/users\/1"}],"replies":[{"embeddable":true,"href":"https:\/\/stage.kodteatrum.hu\/en\/wp-json\/wp\/v2\/comments?post=253"}],"version-history":[{"count":1,"href":"https:\/\/stage.kodteatrum.hu\/en\/wp-json\/wp\/v2\/pages\/253\/revisions"}],"predecessor-version":[{"id":254,"href":"https:\/\/stage.kodteatrum.hu\/en\/wp-json\/wp\/v2\/pages\/253\/revisions\/254"}],"wp:attachment":[{"href":"https:\/\/stage.kodteatrum.hu\/en\/wp-json\/wp\/v2\/media?parent=253"}],"curies":[{"name":"wp","href":"https:\/\/api.w.org\/{rel}","templated":true}]}}