{"id":310,"date":"2021-04-28T10:11:34","date_gmt":"2021-04-28T10:11:34","guid":{"rendered":"https:\/\/stage.kodteatrum.hu\/domovska-stranka\/"},"modified":"2023-04-13T16:55:35","modified_gmt":"2023-04-13T16:55:35","slug":"domovska-stranka","status":"publish","type":"page","link":"http:\/\/stage.kodteatrum.hu\/sk\/","title":{"rendered":"Domovsk\u00e1 str\u00e1nka"},"content":{"rendered":"\t\t<div data-elementor-type=\"wp-page\" data-elementor-id=\"310\" class=\"elementor elementor-310 elementor-5\">\n\t\t\t\t\t\t\t\t\t<section class=\"elementor-section elementor-top-section elementor-element elementor-element-bab28b8 elementor-section-boxed elementor-section-height-default elementor-section-height-default\" data-id=\"bab28b8\" data-element_type=\"section\">\n\t\t\t\t\t\t<div class=\"elementor-container elementor-column-gap-default\">\n\t\t\t\t\t<div class=\"elementor-column elementor-col-100 elementor-top-column elementor-element elementor-element-3842b00\" data-id=\"3842b00\" data-element_type=\"column\">\n\t\t\t<div class=\"elementor-widget-wrap elementor-element-populated\">\n\t\t\t\t\t\t\t\t<div class=\"elementor-element elementor-element-a2b6e2b elementor-widget elementor-widget-heading\" data-id=\"a2b6e2b\" data-element_type=\"widget\" data-widget_type=\"heading.default\">\n\t\t\t\t<div class=\"elementor-widget-container\">\n\t\t\t<style>\/*! elementor - v3.17.0 - 08-11-2023 *\/\n.elementor-heading-title{padding:0;margin:0;line-height:1}.elementor-widget-heading .elementor-heading-title[class*=elementor-size-]>a{color:inherit;font-size:inherit;line-height:inherit}.elementor-widget-heading .elementor-heading-title.elementor-size-small{font-size:15px}.elementor-widget-heading .elementor-heading-title.elementor-size-medium{font-size:19px}.elementor-widget-heading .elementor-heading-title.elementor-size-large{font-size:29px}.elementor-widget-heading .elementor-heading-title.elementor-size-xl{font-size:39px}.elementor-widget-heading .elementor-heading-title.elementor-size-xxl{font-size:59px}<\/style><h1 class=\"elementor-heading-title elementor-size-default\">MEDZIN\u00c1RODN\u00dd DIVADELN\u00dd V\u00ddU\u010cOV\u00dd PROJEKT<\/h1>\t\t<\/div>\n\t\t\t\t<\/div>\n\t\t\t\t<section class=\"elementor-section elementor-inner-section elementor-element elementor-element-4da5311 elementor-section-boxed elementor-section-height-default elementor-section-height-default\" data-id=\"4da5311\" data-element_type=\"section\">\n\t\t\t\t\t\t<div class=\"elementor-container elementor-column-gap-default\">\n\t\t\t\t\t<div class=\"elementor-column elementor-col-50 elementor-inner-column elementor-element elementor-element-164886a\" data-id=\"164886a\" data-element_type=\"column\">\n\t\t\t<div class=\"elementor-widget-wrap elementor-element-populated\">\n\t\t\t\t\t\t\t\t<div class=\"elementor-element elementor-element-03c822b elementor-widget elementor-widget-image\" data-id=\"03c822b\" data-element_type=\"widget\" data-widget_type=\"image.default\">\n\t\t\t\t<div class=\"elementor-widget-container\">\n\t\t\t<style>\/*! elementor - v3.17.0 - 08-11-2023 *\/\n.elementor-widget-image{text-align:center}.elementor-widget-image a{display:inline-block}.elementor-widget-image a img[src$=\".svg\"]{width:48px}.elementor-widget-image img{vertical-align:middle;display:inline-block}<\/style>\t\t\t\t\t\t\t\t\t\t\t\t<img loading=\"lazy\" decoding=\"async\" width=\"949\" height=\"648\" src=\"http:\/\/stage.kodteatrum.hu\/wp-content\/uploads\/2022\/05\/terkep.png\" class=\"attachment-full size-full wp-image-1275\" alt=\"\" srcset=\"http:\/\/stage.kodteatrum.hu\/wp-content\/uploads\/2022\/05\/terkep.png 949w, http:\/\/stage.kodteatrum.hu\/wp-content\/uploads\/2022\/05\/terkep-300x205.png 300w, http:\/\/stage.kodteatrum.hu\/wp-content\/uploads\/2022\/05\/terkep-768x524.png 768w\" sizes=\"auto, (max-width: 949px) 100vw, 949px\" \/>\t\t\t\t\t\t\t\t\t\t\t\t\t\t\t<\/div>\n\t\t\t\t<\/div>\n\t\t\t\t\t<\/div>\n\t\t<\/div>\n\t\t\t\t<div class=\"elementor-column elementor-col-50 elementor-inner-column elementor-element elementor-element-1e11b68\" data-id=\"1e11b68\" data-element_type=\"column\">\n\t\t\t<div class=\"elementor-widget-wrap elementor-element-populated\">\n\t\t\t\t\t\t\t\t<div class=\"elementor-element elementor-element-48b2641 elementor-widget elementor-widget-image\" data-id=\"48b2641\" data-element_type=\"widget\" data-widget_type=\"image.default\">\n\t\t\t\t<div class=\"elementor-widget-container\">\n\t\t\t\t\t\t\t\t\t\t\t\t\t\t\t<img loading=\"lazy\" decoding=\"async\" width=\"700\" height=\"636\" src=\"http:\/\/stage.kodteatrum.hu\/wp-content\/uploads\/2022\/05\/erasmus-logo.jpg\" class=\"attachment-large size-large wp-image-1279\" alt=\"\" srcset=\"http:\/\/stage.kodteatrum.hu\/wp-content\/uploads\/2022\/05\/erasmus-logo.jpg 760w, http:\/\/stage.kodteatrum.hu\/wp-content\/uploads\/2022\/05\/erasmus-logo-300x273.jpg 300w\" sizes=\"auto, (max-width: 700px) 100vw, 700px\" \/>\t\t\t\t\t\t\t\t\t\t\t\t\t\t\t<\/div>\n\t\t\t\t<\/div>\n\t\t\t\t\t<\/div>\n\t\t<\/div>\n\t\t\t\t\t\t\t<\/div>\n\t\t<\/section>\n\t\t\t\t<div class=\"elementor-element elementor-element-409b799 elementor-widget elementor-widget-spacer\" data-id=\"409b799\" data-element_type=\"widget\" data-widget_type=\"spacer.default\">\n\t\t\t\t<div class=\"elementor-widget-container\">\n\t\t\t<style>\/*! elementor - v3.17.0 - 08-11-2023 *\/\n.elementor-column .elementor-spacer-inner{height:var(--spacer-size)}.e-con{--container-widget-width:100%}.e-con-inner>.elementor-widget-spacer,.e-con>.elementor-widget-spacer{width:var(--container-widget-width,var(--spacer-size));--align-self:var(--container-widget-align-self,initial);--flex-shrink:0}.e-con-inner>.elementor-widget-spacer>.elementor-widget-container,.e-con>.elementor-widget-spacer>.elementor-widget-container{height:100%;width:100%}.e-con-inner>.elementor-widget-spacer>.elementor-widget-container>.elementor-spacer,.e-con>.elementor-widget-spacer>.elementor-widget-container>.elementor-spacer{height:100%}.e-con-inner>.elementor-widget-spacer>.elementor-widget-container>.elementor-spacer>.elementor-spacer-inner,.e-con>.elementor-widget-spacer>.elementor-widget-container>.elementor-spacer>.elementor-spacer-inner{height:var(--container-widget-height,var(--spacer-size))}.e-con-inner>.elementor-widget-spacer.elementor-widget-empty,.e-con>.elementor-widget-spacer.elementor-widget-empty{position:relative;min-height:22px;min-width:22px}.e-con-inner>.elementor-widget-spacer.elementor-widget-empty .elementor-widget-empty-icon,.e-con>.elementor-widget-spacer.elementor-widget-empty .elementor-widget-empty-icon{position:absolute;top:0;bottom:0;left:0;right:0;margin:auto;padding:0;width:22px;height:22px}<\/style>\t\t<div class=\"elementor-spacer\">\n\t\t\t<div class=\"elementor-spacer-inner\"><\/div>\n\t\t<\/div>\n\t\t\t\t<\/div>\n\t\t\t\t<\/div>\n\t\t\t\t\t<\/div>\n\t\t<\/div>\n\t\t\t\t\t\t\t<\/div>\n\t\t<\/section>\n\t\t\t\t<section class=\"elementor-section elementor-top-section elementor-element elementor-element-8c8b3a5 elementor-section-boxed elementor-section-height-default elementor-section-height-default\" data-id=\"8c8b3a5\" data-element_type=\"section\">\n\t\t\t\t\t\t<div class=\"elementor-container elementor-column-gap-default\">\n\t\t\t\t\t<div class=\"elementor-column elementor-col-100 elementor-top-column elementor-element elementor-element-4a19f57\" data-id=\"4a19f57\" data-element_type=\"column\">\n\t\t\t<div class=\"elementor-widget-wrap elementor-element-populated\">\n\t\t\t\t\t\t\t\t<div class=\"elementor-element elementor-element-a51030c elementor-widget elementor-widget-text-editor\" data-id=\"a51030c\" data-element_type=\"widget\" data-widget_type=\"text-editor.default\">\n\t\t\t\t<div class=\"elementor-widget-container\">\n\t\t\t<style>\/*! elementor - v3.17.0 - 08-11-2023 *\/\n.elementor-widget-text-editor.elementor-drop-cap-view-stacked .elementor-drop-cap{background-color:#69727d;color:#fff}.elementor-widget-text-editor.elementor-drop-cap-view-framed .elementor-drop-cap{color:#69727d;border:3px solid;background-color:transparent}.elementor-widget-text-editor:not(.elementor-drop-cap-view-default) .elementor-drop-cap{margin-top:8px}.elementor-widget-text-editor:not(.elementor-drop-cap-view-default) .elementor-drop-cap-letter{width:1em;height:1em}.elementor-widget-text-editor .elementor-drop-cap{float:left;text-align:center;line-height:1;font-size:50px}.elementor-widget-text-editor .elementor-drop-cap-letter{display:inline-block}<\/style>\t\t\t\t<p><b><span data-contrast=\"auto\">Z\u00fa\u010dast\u0148ujeme sa medzin\u00e1rodn\u00e9ho programu Erasmus+<\/span><\/b><\/p>\n<p><b><span data-contrast=\"auto\">V\u00fdvoj metodiky v medzin\u00e1rodnej spolupr\u00e1ci s pomocou dramatickej pedagogiky<\/span><\/b><\/p>\n<p><span data-contrast=\"auto\">Tri n\u00e1rody \u0161tyri organiz\u00e1cie za 22 mesiacov za \u00fa\u010dasti mnoh\u00fdch mlad\u00fdch a e\u0161te mlad\u0161\u00edch \u013eud\u00ed, nespo\u010detn\u00e9 mno\u017estvo n\u00e1padov, bezhrani\u010dn\u00fd optimizmus, otvorenos\u0165 a ochota spolupracova\u0165.<\/span><span data-ccp-props=\"{\"> <\/span><\/p>\n<p><span data-contrast=\"auto\">Koordinovan\u00e9 Nad\u00e1ciou Giving Hungary (Budape\u0161\u0165, Ma\u010farsko) \u201e&#8230; divadlo po celom svete! ale ak\u00fd svet?&#8220; to znamen\u00e1: &#8222;Cel\u00fd svet je javisko&#8230; &#8211; ale ak\u00fd svet?&#8220; V r\u00e1mci s\u00fa\u0165a\u017ee Erasmus + s n\u00e1zvom \u201eAbacusan St\u00fadi\u00f3 Oktat\u00e1sszervez\u0151 Nonprofit Kft.\u201c (Budape\u0161\u0165, Ma\u010farsko) a DigiQ (Bratislava, Slovensko) a Ferenc K\u00f6lcsey High School (Satu Mare, Rumunsko) vypracujeme metodiku. <\/span><span data-ccp-props=\"{\"> <\/span><\/p>\n<p><span data-contrast=\"auto\">\u010c\u00edslo zmluvy ponuky: 2020-1-HU01-KA227-YOU-094091<\/span><span data-ccp-props=\"{\"> <\/span><\/p>\n<p><span data-contrast=\"auto\">Plnenie z\u00e1v\u00e4zkov prijat\u00fdch na z\u00e1klade v\u00fdberov\u00e9ho konania sa za\u010dne 01.04.2021 a potrv\u00e1 do 31. janu\u00e1ra 2023.<\/span><span data-ccp-props=\"{\"> <\/span><\/p>\n<p><span data-ccp-props=\"{\"> <\/span><\/p>\n<p><span data-contrast=\"auto\">Citovan\u00e9 z v\u00fdzvy na predkladanie pon\u00fak: <\/span><\/p>\n<p>&#8222;partnerstvo pre kreativitu <span data-contrast=\"auto\">&#8222;<\/span><\/p>\n<p><span data-contrast=\"auto\">&#8222;&#8230;Typ aplik\u00e1cie je zv\u00fd\u0161i\u0165 kvalitu, inov\u00e1ciu a uznanie pr\u00e1ce s ml\u00e1de\u017eou, ktor\u00e1 podporuje rozvoj tvoriv\u00fdch zru\u010dnost\u00ed a kompetenci\u00ed a rozvoj tvoriv\u00e9ho potenci\u00e1lu mlad\u00fdch \u013eud\u00ed, a t\u00fdm aj odolnos\u0165 kult\u00farnych a kreat\u00edvnych sektorov.&#8220; n\u00fadzov\u00e1 situ\u00e1cia)\u2026\u201c<\/span><span data-ccp-props=\"{\"> <\/span><\/p>\n<p><span data-contrast=\"auto\">\u201e&#8230;Jedn\u00fdm z cie\u013eov je vybavi\u0165 mlad\u00fdch \u013eud\u00ed a dospel\u00fdch n\u00e1strojmi a kompetenciami na rozvoj kreat\u00edvnych a inovat\u00edvnych rie\u0161en\u00ed riz\u00edk a spolo\u010densk\u00fdch v\u00fdziev, s ktor\u00fdmi sa predt\u00fdm nestretli, a vidie\u0165 potenci\u00e1l kritick\u00fdch situ\u00e1ci\u00ed&#8230;\u201c<\/span><\/p>\n\t\t\t\t\t\t<\/div>\n\t\t\t\t<\/div>\n\t\t\t\t\t<\/div>\n\t\t<\/div>\n\t\t\t\t\t\t\t<\/div>\n\t\t<\/section>\n\t\t\t\t<section class=\"elementor-section elementor-top-section elementor-element elementor-element-c177254 elementor-section-boxed elementor-section-height-default elementor-section-height-default\" data-id=\"c177254\" data-element_type=\"section\">\n\t\t\t\t\t\t<div class=\"elementor-container elementor-column-gap-default\">\n\t\t\t\t\t<div class=\"elementor-column elementor-col-100 elementor-top-column elementor-element elementor-element-38069d0\" data-id=\"38069d0\" data-element_type=\"column\">\n\t\t\t<div class=\"elementor-widget-wrap elementor-element-populated\">\n\t\t\t\t\t\t\t\t<div class=\"elementor-element elementor-element-c10282c elementor-widget elementor-widget-heading\" data-id=\"c10282c\" data-element_type=\"widget\" data-widget_type=\"heading.default\">\n\t\t\t\t<div class=\"elementor-widget-container\">\n\t\t\t<h2 class=\"elementor-heading-title elementor-size-default\">koordin\u00e1tor<\/h2>\t\t<\/div>\n\t\t\t\t<\/div>\n\t\t\t\t\t<\/div>\n\t\t<\/div>\n\t\t\t\t\t\t\t<\/div>\n\t\t<\/section>\n\t\t\t\t<section class=\"elementor-section elementor-top-section elementor-element elementor-element-489b942 elementor-section-boxed elementor-section-height-default elementor-section-height-default\" data-id=\"489b942\" data-element_type=\"section\">\n\t\t\t\t\t\t<div class=\"elementor-container elementor-column-gap-default\">\n\t\t\t\t\t<div class=\"elementor-column elementor-col-50 elementor-top-column elementor-element elementor-element-f953dae\" data-id=\"f953dae\" data-element_type=\"column\">\n\t\t\t<div class=\"elementor-widget-wrap elementor-element-populated\">\n\t\t\t\t\t\t\t\t<div class=\"elementor-element elementor-element-510e5f8 elementor-widget elementor-widget-image\" data-id=\"510e5f8\" data-element_type=\"widget\" data-widget_type=\"image.default\">\n\t\t\t\t<div class=\"elementor-widget-container\">\n\t\t\t\t\t\t\t\t\t\t\t\t\t\t\t<img loading=\"lazy\" decoding=\"async\" width=\"700\" height=\"212\" src=\"http:\/\/stage.kodteatrum.hu\/wp-content\/uploads\/2022\/02\/givinghungary-cutout_FEHER-1024x310.png\" class=\"attachment-large size-large wp-image-44\" alt=\"\" srcset=\"http:\/\/stage.kodteatrum.hu\/wp-content\/uploads\/2022\/02\/givinghungary-cutout_FEHER-1024x310.png 1024w, http:\/\/stage.kodteatrum.hu\/wp-content\/uploads\/2022\/02\/givinghungary-cutout_FEHER-300x91.png 300w, http:\/\/stage.kodteatrum.hu\/wp-content\/uploads\/2022\/02\/givinghungary-cutout_FEHER-768x232.png 768w, http:\/\/stage.kodteatrum.hu\/wp-content\/uploads\/2022\/02\/givinghungary-cutout_FEHER-1536x465.png 1536w, http:\/\/stage.kodteatrum.hu\/wp-content\/uploads\/2022\/02\/givinghungary-cutout_FEHER-1140x345.png 1140w, http:\/\/stage.kodteatrum.hu\/wp-content\/uploads\/2022\/02\/givinghungary-cutout_FEHER.png 1956w\" sizes=\"auto, (max-width: 700px) 100vw, 700px\" \/>\t\t\t\t\t\t\t\t\t\t\t\t\t\t\t<\/div>\n\t\t\t\t<\/div>\n\t\t\t\t\t<\/div>\n\t\t<\/div>\n\t\t\t\t<div class=\"elementor-column elementor-col-50 elementor-top-column elementor-element elementor-element-2ac9193\" data-id=\"2ac9193\" data-element_type=\"column\">\n\t\t\t<div class=\"elementor-widget-wrap elementor-element-populated\">\n\t\t\t\t\t\t\t\t<div class=\"elementor-element elementor-element-b4df3e9 elementor-widget elementor-widget-image\" data-id=\"b4df3e9\" data-element_type=\"widget\" data-widget_type=\"image.default\">\n\t\t\t\t<div class=\"elementor-widget-container\">\n\t\t\t\t\t\t\t\t\t\t\t\t\t\t\t<img loading=\"lazy\" decoding=\"async\" width=\"489\" height=\"257\" src=\"http:\/\/stage.kodteatrum.hu\/wp-content\/uploads\/2022\/02\/KOD_Teatrum_logo-kicsi-cutout_fekete.png\" class=\"attachment-full size-full wp-image-45\" alt=\"\" srcset=\"http:\/\/stage.kodteatrum.hu\/wp-content\/uploads\/2022\/02\/KOD_Teatrum_logo-kicsi-cutout_fekete.png 489w, http:\/\/stage.kodteatrum.hu\/wp-content\/uploads\/2022\/02\/KOD_Teatrum_logo-kicsi-cutout_fekete-300x158.png 300w\" sizes=\"auto, (max-width: 489px) 100vw, 489px\" \/>\t\t\t\t\t\t\t\t\t\t\t\t\t\t\t<\/div>\n\t\t\t\t<\/div>\n\t\t\t\t\t<\/div>\n\t\t<\/div>\n\t\t\t\t\t\t\t<\/div>\n\t\t<\/section>\n\t\t\t\t<section class=\"elementor-section elementor-top-section elementor-element elementor-element-90462e1 elementor-section-boxed elementor-section-height-default elementor-section-height-default\" data-id=\"90462e1\" data-element_type=\"section\">\n\t\t\t\t\t\t<div class=\"elementor-container elementor-column-gap-default\">\n\t\t\t\t\t<div class=\"elementor-column elementor-col-100 elementor-top-column elementor-element elementor-element-6adcd80\" data-id=\"6adcd80\" data-element_type=\"column\">\n\t\t\t<div class=\"elementor-widget-wrap elementor-element-populated\">\n\t\t\t\t\t\t\t\t<div class=\"elementor-element elementor-element-bd38ad7 elementor-widget elementor-widget-image\" data-id=\"bd38ad7\" data-element_type=\"widget\" data-widget_type=\"image.default\">\n\t\t\t\t<div class=\"elementor-widget-container\">\n\t\t\t\t\t\t\t\t\t\t\t\t\t\t\t<img decoding=\"async\" src=\"http:\/\/stage.kodteatrum.hu\/wp-content\/uploads\/elementor\/thumbs\/Hungary-e1645799378863-pl1bd3tumr2onnprlk1m4fexk9kixd8r9ur0mqrqt0.png\" title=\"Hungary\" alt=\"Hungary\" loading=\"lazy\" \/>\t\t\t\t\t\t\t\t\t\t\t\t\t\t\t<\/div>\n\t\t\t\t<\/div>\n\t\t\t\t\t<\/div>\n\t\t<\/div>\n\t\t\t\t\t\t\t<\/div>\n\t\t<\/section>\n\t\t\t\t<section class=\"elementor-section elementor-top-section elementor-element elementor-element-8102ef2 elementor-section-boxed elementor-section-height-default elementor-section-height-default\" data-id=\"8102ef2\" data-element_type=\"section\">\n\t\t\t\t\t\t<div class=\"elementor-container elementor-column-gap-default\">\n\t\t\t\t\t<div class=\"elementor-column elementor-col-100 elementor-top-column elementor-element elementor-element-a5c1afd\" data-id=\"a5c1afd\" data-element_type=\"column\">\n\t\t\t<div class=\"elementor-widget-wrap elementor-element-populated\">\n\t\t\t\t\t\t\t\t<div class=\"elementor-element elementor-element-e403ea1 elementor-widget elementor-widget-spacer\" data-id=\"e403ea1\" data-element_type=\"widget\" data-widget_type=\"spacer.default\">\n\t\t\t\t<div class=\"elementor-widget-container\">\n\t\t\t\t\t<div class=\"elementor-spacer\">\n\t\t\t<div class=\"elementor-spacer-inner\"><\/div>\n\t\t<\/div>\n\t\t\t\t<\/div>\n\t\t\t\t<\/div>\n\t\t\t\t<div class=\"elementor-element elementor-element-f3f5f97 elementor-widget elementor-widget-heading\" data-id=\"f3f5f97\" data-element_type=\"widget\" data-widget_type=\"heading.default\">\n\t\t\t\t<div class=\"elementor-widget-container\">\n\t\t\t<h2 class=\"elementor-heading-title elementor-size-default\">Partneri<\/h2>\t\t<\/div>\n\t\t\t\t<\/div>\n\t\t\t\t\t<\/div>\n\t\t<\/div>\n\t\t\t\t\t\t\t<\/div>\n\t\t<\/section>\n\t\t\t\t<section class=\"elementor-section elementor-top-section elementor-element elementor-element-9b97835 elementor-section-boxed elementor-section-height-default elementor-section-height-default\" data-id=\"9b97835\" data-element_type=\"section\">\n\t\t\t\t\t\t<div class=\"elementor-container elementor-column-gap-default\">\n\t\t\t\t\t<div class=\"elementor-column elementor-col-33 elementor-top-column elementor-element elementor-element-fd17283\" data-id=\"fd17283\" data-element_type=\"column\">\n\t\t\t<div class=\"elementor-widget-wrap elementor-element-populated\">\n\t\t\t\t\t\t\t\t<div class=\"elementor-element elementor-element-1a88300 elementor-widget elementor-widget-image\" data-id=\"1a88300\" data-element_type=\"widget\" data-widget_type=\"image.default\">\n\t\t\t\t<div class=\"elementor-widget-container\">\n\t\t\t\t\t\t\t\t\t\t\t\t\t\t\t<img loading=\"lazy\" decoding=\"async\" width=\"700\" height=\"700\" src=\"http:\/\/stage.kodteatrum.hu\/wp-content\/uploads\/2022\/02\/digiq-logo-1-1024x1024.jpg\" class=\"attachment-large size-large wp-image-48\" alt=\"\" srcset=\"http:\/\/stage.kodteatrum.hu\/wp-content\/uploads\/2022\/02\/digiq-logo-1-1024x1024.jpg 1024w, http:\/\/stage.kodteatrum.hu\/wp-content\/uploads\/2022\/02\/digiq-logo-1-300x300.jpg 300w, http:\/\/stage.kodteatrum.hu\/wp-content\/uploads\/2022\/02\/digiq-logo-1-150x150.jpg 150w, http:\/\/stage.kodteatrum.hu\/wp-content\/uploads\/2022\/02\/digiq-logo-1-768x768.jpg 768w, http:\/\/stage.kodteatrum.hu\/wp-content\/uploads\/2022\/02\/digiq-logo-1-1140x1140.jpg 1140w, http:\/\/stage.kodteatrum.hu\/wp-content\/uploads\/2022\/02\/digiq-logo-1.jpg 1200w\" sizes=\"auto, (max-width: 700px) 100vw, 700px\" \/>\t\t\t\t\t\t\t\t\t\t\t\t\t\t\t<\/div>\n\t\t\t\t<\/div>\n\t\t\t\t<div class=\"elementor-element elementor-element-6deee05 elementor-widget elementor-widget-image\" data-id=\"6deee05\" data-element_type=\"widget\" data-widget_type=\"image.default\">\n\t\t\t\t<div class=\"elementor-widget-container\">\n\t\t\t\t\t\t\t\t\t\t\t\t\t\t\t<img decoding=\"async\" src=\"http:\/\/stage.kodteatrum.hu\/wp-content\/uploads\/elementor\/thumbs\/Slovakia-e1645799390556-pl1bdf3wwri4iz9drox4yckgow0xhqhjbekue2b0qc.png\" title=\"Slovakia\" alt=\"Slovakia\" loading=\"lazy\" \/>\t\t\t\t\t\t\t\t\t\t\t\t\t\t\t<\/div>\n\t\t\t\t<\/div>\n\t\t\t\t\t<\/div>\n\t\t<\/div>\n\t\t\t\t<div class=\"elementor-column elementor-col-33 elementor-top-column elementor-element elementor-element-c04f174\" data-id=\"c04f174\" data-element_type=\"column\">\n\t\t\t<div class=\"elementor-widget-wrap elementor-element-populated\">\n\t\t\t\t\t\t\t\t<div class=\"elementor-element elementor-element-6e86912 elementor-widget elementor-widget-image\" data-id=\"6e86912\" data-element_type=\"widget\" data-widget_type=\"image.default\">\n\t\t\t\t<div class=\"elementor-widget-container\">\n\t\t\t\t\t\t\t\t\t\t\t\t\t\t\t<img loading=\"lazy\" decoding=\"async\" width=\"333\" height=\"341\" src=\"http:\/\/stage.kodteatrum.hu\/wp-content\/uploads\/2022\/02\/kolcsey.png\" class=\"attachment-large size-large wp-image-49\" alt=\"\" srcset=\"http:\/\/stage.kodteatrum.hu\/wp-content\/uploads\/2022\/02\/kolcsey.png 333w, http:\/\/stage.kodteatrum.hu\/wp-content\/uploads\/2022\/02\/kolcsey-293x300.png 293w\" sizes=\"auto, (max-width: 333px) 100vw, 333px\" \/>\t\t\t\t\t\t\t\t\t\t\t\t\t\t\t<\/div>\n\t\t\t\t<\/div>\n\t\t\t\t<div class=\"elementor-element elementor-element-a397517 elementor-widget elementor-widget-image\" data-id=\"a397517\" data-element_type=\"widget\" data-widget_type=\"image.default\">\n\t\t\t\t<div class=\"elementor-widget-container\">\n\t\t\t\t\t\t\t\t\t\t\t\t\t\t\t<img decoding=\"async\" src=\"http:\/\/stage.kodteatrum.hu\/wp-content\/uploads\/elementor\/thumbs\/Romania-e1645799398189-pl1bdmmmffsf3uygjs65iao5fyzv7bbe0fsq89zvck.png\" title=\"Romania\" alt=\"Romania\" loading=\"lazy\" \/>\t\t\t\t\t\t\t\t\t\t\t\t\t\t\t<\/div>\n\t\t\t\t<\/div>\n\t\t\t\t\t<\/div>\n\t\t<\/div>\n\t\t\t\t<div class=\"elementor-column elementor-col-33 elementor-top-column elementor-element elementor-element-aebb452\" data-id=\"aebb452\" data-element_type=\"column\">\n\t\t\t<div class=\"elementor-widget-wrap elementor-element-populated\">\n\t\t\t\t\t\t\t\t<div class=\"elementor-element elementor-element-54c088e elementor-widget elementor-widget-image\" data-id=\"54c088e\" data-element_type=\"widget\" data-widget_type=\"image.default\">\n\t\t\t\t<div class=\"elementor-widget-container\">\n\t\t\t\t\t\t\t\t\t\t\t\t\t\t\t<img loading=\"lazy\" decoding=\"async\" width=\"700\" height=\"700\" src=\"http:\/\/stage.kodteatrum.hu\/wp-content\/uploads\/2022\/02\/Abacusan_Vertikalis_FINAL_NE\u0301GYZET.png\" class=\"attachment-large size-large wp-image-50\" alt=\"\" srcset=\"http:\/\/stage.kodteatrum.hu\/wp-content\/uploads\/2022\/02\/Abacusan_Vertikalis_FINAL_NE\u0301GYZET.png 1000w, http:\/\/stage.kodteatrum.hu\/wp-content\/uploads\/2022\/02\/Abacusan_Vertikalis_FINAL_NE\u0301GYZET-300x300.png 300w, http:\/\/stage.kodteatrum.hu\/wp-content\/uploads\/2022\/02\/Abacusan_Vertikalis_FINAL_NE\u0301GYZET-150x150.png 150w, http:\/\/stage.kodteatrum.hu\/wp-content\/uploads\/2022\/02\/Abacusan_Vertikalis_FINAL_NE\u0301GYZET-768x768.png 768w\" sizes=\"auto, (max-width: 700px) 100vw, 700px\" \/>\t\t\t\t\t\t\t\t\t\t\t\t\t\t\t<\/div>\n\t\t\t\t<\/div>\n\t\t\t\t<div class=\"elementor-element elementor-element-3120d55 elementor-widget elementor-widget-image\" data-id=\"3120d55\" data-element_type=\"widget\" data-widget_type=\"image.default\">\n\t\t\t\t<div class=\"elementor-widget-container\">\n\t\t\t\t\t\t\t\t\t\t\t\t\t\t\t<img decoding=\"async\" src=\"http:\/\/stage.kodteatrum.hu\/wp-content\/uploads\/elementor\/thumbs\/Hungary-e1645799378863-pl1bd3tumr2onnprlk1m4fexk9kixd8r9ur0mqrqt0.png\" title=\"Hungary\" alt=\"Hungary\" loading=\"lazy\" \/>\t\t\t\t\t\t\t\t\t\t\t\t\t\t\t<\/div>\n\t\t\t\t<\/div>\n\t\t\t\t\t<\/div>\n\t\t<\/div>\n\t\t\t\t\t\t\t<\/div>\n\t\t<\/section>\n\t\t\t\t\t\t\t<\/div>\n\t\t","protected":false},"excerpt":{"rendered":"<p class=\"post-excerpt\">MEDZIN\u00c1RODN\u00dd DIVADELN\u00dd V\u00ddU\u010cOV\u00dd PROJEKT Z\u00fa\u010dast\u0148ujeme sa medzin\u00e1rodn\u00e9ho programu Erasmus+ V\u00fdvoj metodiky v medzin\u00e1rodnej spolupr\u00e1ci s pomocou dramatickej pedagogiky Tri n\u00e1rody&#8230;<\/p>\n","protected":false},"author":1,"featured_media":0,"parent":0,"menu_order":0,"comment_status":"closed","ping_status":"closed","template":"template-fullwidth.php","meta":{"footnotes":""},"class_list":["post-310","page","type-page","status-publish","hentry"],"_links":{"self":[{"href":"http:\/\/stage.kodteatrum.hu\/sk\/wp-json\/wp\/v2\/pages\/310","targetHints":{"allow":["GET"]}}],"collection":[{"href":"http:\/\/stage.kodteatrum.hu\/sk\/wp-json\/wp\/v2\/pages"}],"about":[{"href":"http:\/\/stage.kodteatrum.hu\/sk\/wp-json\/wp\/v2\/types\/page"}],"author":[{"embeddable":true,"href":"http:\/\/stage.kodteatrum.hu\/sk\/wp-json\/wp\/v2\/users\/1"}],"replies":[{"embeddable":true,"href":"http:\/\/stage.kodteatrum.hu\/sk\/wp-json\/wp\/v2\/comments?post=310"}],"version-history":[{"count":2,"href":"http:\/\/stage.kodteatrum.hu\/sk\/wp-json\/wp\/v2\/pages\/310\/revisions"}],"predecessor-version":[{"id":2080,"href":"http:\/\/stage.kodteatrum.hu\/sk\/wp-json\/wp\/v2\/pages\/310\/revisions\/2080"}],"wp:attachment":[{"href":"http:\/\/stage.kodteatrum.hu\/sk\/wp-json\/wp\/v2\/media?parent=310"}],"curies":[{"name":"wp","href":"https:\/\/api.w.org\/{rel}","templated":true}]}}