{"id":1658,"date":"2022-05-30T12:08:23","date_gmt":"2022-05-30T12:08:23","guid":{"rendered":"https:\/\/stage.kodteatrum.hu\/generaciaz-digiq\/"},"modified":"2022-11-25T15:59:33","modified_gmt":"2022-11-25T15:59:33","slug":"generaciaz-digiq","status":"publish","type":"page","link":"http:\/\/stage.kodteatrum.hu\/sk\/generaciaz-digiq\/","title":{"rendered":"#generaciaZ &#8211; digiQ"},"content":{"rendered":"\t\t<div data-elementor-type=\"wp-page\" data-elementor-id=\"1658\" class=\"elementor elementor-1658 elementor-1287\">\n\t\t\t\t\t\t\t\t\t<section class=\"elementor-section elementor-top-section elementor-element elementor-element-84a71b0 elementor-section-boxed elementor-section-height-default elementor-section-height-default\" data-id=\"84a71b0\" data-element_type=\"section\">\n\t\t\t\t\t\t<div class=\"elementor-container elementor-column-gap-default\">\n\t\t\t\t\t<div class=\"elementor-column elementor-col-50 elementor-top-column elementor-element elementor-element-0c86b5c\" data-id=\"0c86b5c\" data-element_type=\"column\">\n\t\t\t<div class=\"elementor-widget-wrap elementor-element-populated\">\n\t\t\t\t\t\t\t\t<div class=\"elementor-element elementor-element-06f1e65 elementor-widget elementor-widget-image\" data-id=\"06f1e65\" data-element_type=\"widget\" data-widget_type=\"image.default\">\n\t\t\t\t<div class=\"elementor-widget-container\">\n\t\t\t<style>\/*! elementor - v3.17.0 - 08-11-2023 *\/\n.elementor-widget-image{text-align:center}.elementor-widget-image a{display:inline-block}.elementor-widget-image a img[src$=\".svg\"]{width:48px}.elementor-widget-image img{vertical-align:middle;display:inline-block}<\/style>\t\t\t\t\t\t\t\t\t\t\t\t<img loading=\"lazy\" decoding=\"async\" width=\"50\" height=\"50\" src=\"http:\/\/stage.kodteatrum.hu\/wp-content\/uploads\/2022\/02\/Slovakia-e1645799390556.png\" class=\"attachment-large size-large wp-image-51\" alt=\"\" \/>\t\t\t\t\t\t\t\t\t\t\t\t\t\t\t<\/div>\n\t\t\t\t<\/div>\n\t\t\t\t\t<\/div>\n\t\t<\/div>\n\t\t\t\t<div class=\"elementor-column elementor-col-50 elementor-top-column elementor-element elementor-element-3ae7c76\" data-id=\"3ae7c76\" data-element_type=\"column\">\n\t\t\t<div class=\"elementor-widget-wrap elementor-element-populated\">\n\t\t\t\t\t\t\t\t<div class=\"elementor-element elementor-element-bdcee37 elementor-widget elementor-widget-heading\" data-id=\"bdcee37\" data-element_type=\"widget\" data-widget_type=\"heading.default\">\n\t\t\t\t<div class=\"elementor-widget-container\">\n\t\t\t<style>\/*! elementor - v3.17.0 - 08-11-2023 *\/\n.elementor-heading-title{padding:0;margin:0;line-height:1}.elementor-widget-heading .elementor-heading-title[class*=elementor-size-]>a{color:inherit;font-size:inherit;line-height:inherit}.elementor-widget-heading .elementor-heading-title.elementor-size-small{font-size:15px}.elementor-widget-heading .elementor-heading-title.elementor-size-medium{font-size:19px}.elementor-widget-heading .elementor-heading-title.elementor-size-large{font-size:29px}.elementor-widget-heading .elementor-heading-title.elementor-size-xl{font-size:39px}.elementor-widget-heading .elementor-heading-title.elementor-size-xxl{font-size:59px}<\/style><h2 class=\"elementor-heading-title elementor-size-default\">digiQ, Bratislava<\/h2>\t\t<\/div>\n\t\t\t\t<\/div>\n\t\t\t\t\t<\/div>\n\t\t<\/div>\n\t\t\t\t\t\t\t<\/div>\n\t\t<\/section>\n\t\t\t\t<section class=\"elementor-section elementor-top-section elementor-element elementor-element-18baf3b elementor-section-boxed elementor-section-height-default elementor-section-height-default\" data-id=\"18baf3b\" data-element_type=\"section\">\n\t\t\t\t\t\t<div class=\"elementor-container elementor-column-gap-default\">\n\t\t\t\t\t<div class=\"elementor-column elementor-col-100 elementor-top-column elementor-element elementor-element-4035d52\" data-id=\"4035d52\" data-element_type=\"column\">\n\t\t\t<div class=\"elementor-widget-wrap elementor-element-populated\">\n\t\t\t\t\t\t\t\t<div class=\"elementor-element elementor-element-0ed0bbc elementor-widget elementor-widget-heading\" data-id=\"0ed0bbc\" data-element_type=\"widget\" data-widget_type=\"heading.default\">\n\t\t\t\t<div class=\"elementor-widget-container\">\n\t\t\t<h2 class=\"elementor-heading-title elementor-size-default\">Deskriptor:<\/h2>\t\t<\/div>\n\t\t\t\t<\/div>\n\t\t\t\t\t<\/div>\n\t\t<\/div>\n\t\t\t\t\t\t\t<\/div>\n\t\t<\/section>\n\t\t\t\t<section class=\"elementor-section elementor-top-section elementor-element elementor-element-8cbe1de elementor-section-boxed elementor-section-height-default elementor-section-height-default\" data-id=\"8cbe1de\" data-element_type=\"section\">\n\t\t\t\t\t\t<div class=\"elementor-container elementor-column-gap-default\">\n\t\t\t\t\t<div class=\"elementor-column elementor-col-100 elementor-top-column elementor-element elementor-element-57f74f9\" data-id=\"57f74f9\" data-element_type=\"column\">\n\t\t\t<div class=\"elementor-widget-wrap elementor-element-populated\">\n\t\t\t\t\t\t\t\t<div class=\"elementor-element elementor-element-4cb1ff6 elementor-widget elementor-widget-text-editor\" data-id=\"4cb1ff6\" data-element_type=\"widget\" data-widget_type=\"text-editor.default\">\n\t\t\t\t<div class=\"elementor-widget-container\">\n\t\t\t<style>\/*! elementor - v3.17.0 - 08-11-2023 *\/\n.elementor-widget-text-editor.elementor-drop-cap-view-stacked .elementor-drop-cap{background-color:#69727d;color:#fff}.elementor-widget-text-editor.elementor-drop-cap-view-framed .elementor-drop-cap{color:#69727d;border:3px solid;background-color:transparent}.elementor-widget-text-editor:not(.elementor-drop-cap-view-default) .elementor-drop-cap{margin-top:8px}.elementor-widget-text-editor:not(.elementor-drop-cap-view-default) .elementor-drop-cap-letter{width:1em;height:1em}.elementor-widget-text-editor .elementor-drop-cap{float:left;text-align:center;line-height:1;font-size:50px}.elementor-widget-text-editor .elementor-drop-cap-letter{display:inline-block}<\/style>\t\t\t\t<p>Gener\u00e1cia Z, zn\u00e1ma aj ako digit\u00e1lna gener\u00e1cia. Prv\u00e1 gener\u00e1cia, ktor\u00e1 e\u0161te neza\u017eila svet bez internetu. Soci\u00e1lne siete s\u00fa pre nich prirodzen\u00fdm prostred\u00edm. By\u0165 neust\u00e1le online je samozrejmos\u0165. Najd\u00f4le\u017eitej\u0161ie veci sa odohr\u00e1vaj\u00fa na osvetlen\u00fdch obrazovk\u00e1ch telef\u00f3nov&#8230;<\/p>\n<p>&#8222;Z&#8220; je mlad\u00e1 gener\u00e1cia, ktor\u00e1 t\u00fa\u017ei robi\u0165 to, \u010do robili gener\u00e1cie pred \u0148ou. Chc\u00fa niekam patri\u0165, by\u0165 re\u0161pektovan\u00e9, ma\u0165 s\u00fakromie a zdie\u013ea\u0165 svoje z\u00e1\u017eitky s kamar\u00e1tmi bez dozoru dospel\u00fdch. Kedysi bola komunita skupina spolu\u017eiakov sediacich na lavi\u010dke, ale teraz maj\u00fa uzavret\u00fa skupinu na Facebooku, preto\u017ee nie s\u00fa z rovnakej \u0161tvrte a maj\u00fa internet. Tak\u017ee &#8222;lavi\u010dka&#8220; je tu st\u00e1le, len virtu\u00e1lne.&#8220;<\/p>\n<p><em>(Drahom\u00edra Jur\u00edkov\u00e1, riadite\u013eka digit\u00e1lnych slu\u017eieb a marketingovej komunik\u00e1cie Slovak Telekom, HN Strat\u00e9gie: Gener\u00e1cia Z znamen\u00e1 digit\u00e1lni \u013eudia.)<\/em><\/p>\n<\/p>\n<p>Tak ako v\u0161etko, aj svet technol\u00f3gi\u00ed m\u00e1 svoje pozit\u00edvne a negat\u00edvne str\u00e1nky. Pre n\u00e1s je to n\u00e1stroj s nekone\u010dn\u00fdmi mo\u017enos\u0165ami, ale aj nebezpe\u010dn\u00e1 zbra\u0148. Hlavnou t\u00e9mou d\u0148a sa stala digit\u00e1lna inteligencia. Rozumieme mu v\u0161ak do h\u013abky? Dr\u017e\u00edme krok so z\u00e1vratn\u00fdm tempom? Ako sa to t\u00fdka rast\u00facej gener\u00e1cie, pre ktor\u00fa je prirodzenou s\u00fa\u010das\u0165ou ka\u017edodenn\u00e9ho \u017eivota?<\/p>\n<\/p>\n<p>Pr\u00ed\u010fte sa zozn\u00e1mi\u0165 s #generationZ!<\/p>\n<\/p>\n<p>Michal Paulovsk\u00fd<br \/>Text a dramaturgia.<br \/>Obsadenie: \u010dlenovia umeleck\u00e9ho \u0161t\u00fadia Dram<\/p>\n<p>#divadlo #sc\u00e9na #predstavenie #premier #umenie #digiq #whitetheatre #digitalgeneration #generaciaZ<\/p>\n\t\t\t\t\t\t<\/div>\n\t\t\t\t<\/div>\n\t\t\t\t\t<\/div>\n\t\t<\/div>\n\t\t\t\t\t\t\t<\/div>\n\t\t<\/section>\n\t\t\t\t<section class=\"elementor-section elementor-top-section elementor-element elementor-element-35e3f3a elementor-section-boxed elementor-section-height-default elementor-section-height-default\" data-id=\"35e3f3a\" data-element_type=\"section\">\n\t\t\t\t\t\t<div class=\"elementor-container elementor-column-gap-default\">\n\t\t\t\t\t<div class=\"elementor-column elementor-col-100 elementor-top-column elementor-element elementor-element-ef7e512\" data-id=\"ef7e512\" data-element_type=\"column\">\n\t\t\t<div class=\"elementor-widget-wrap elementor-element-populated\">\n\t\t\t\t\t\t\t\t<div class=\"elementor-element elementor-element-638506e elementor-widget elementor-widget-heading\" data-id=\"638506e\" data-element_type=\"widget\" data-widget_type=\"heading.default\">\n\t\t\t\t<div class=\"elementor-widget-container\">\n\t\t\t<h2 class=\"elementor-heading-title elementor-size-default\">Prezent\u00e1cia:<\/h2>\t\t<\/div>\n\t\t\t\t<\/div>\n\t\t\t\t\t<\/div>\n\t\t<\/div>\n\t\t\t\t\t\t\t<\/div>\n\t\t<\/section>\n\t\t\t\t<section class=\"elementor-section elementor-top-section elementor-element elementor-element-3bcdbe9 elementor-section-boxed elementor-section-height-default elementor-section-height-default\" data-id=\"3bcdbe9\" data-element_type=\"section\">\n\t\t\t\t\t\t<div class=\"elementor-container elementor-column-gap-default\">\n\t\t\t\t\t<div class=\"elementor-column elementor-col-100 elementor-top-column elementor-element elementor-element-45b3f63\" data-id=\"45b3f63\" data-element_type=\"column\">\n\t\t\t<div class=\"elementor-widget-wrap elementor-element-populated\">\n\t\t\t\t\t\t\t\t<div class=\"elementor-element elementor-element-75f3dbb elementor-widget elementor-widget-video\" data-id=\"75f3dbb\" data-element_type=\"widget\" data-settings=\"{&quot;youtube_url&quot;:&quot;https:\\\/\\\/www.youtube.com\\\/watch?v=nPbWz1wMcUI&quot;,&quot;video_type&quot;:&quot;youtube&quot;,&quot;controls&quot;:&quot;yes&quot;}\" data-widget_type=\"video.default\">\n\t\t\t\t<div class=\"elementor-widget-container\">\n\t\t\t<style>\/*! elementor - v3.17.0 - 08-11-2023 *\/\n.elementor-widget-video .elementor-widget-container{overflow:hidden;transform:translateZ(0)}.elementor-widget-video .elementor-wrapper{aspect-ratio:var(--video-aspect-ratio)}.elementor-widget-video .elementor-wrapper iframe,.elementor-widget-video .elementor-wrapper video{height:100%;width:100%;display:flex;border:none;background-color:#000}@supports not (aspect-ratio:1\/1){.elementor-widget-video .elementor-wrapper{position:relative;overflow:hidden;height:0;padding-bottom:calc(100% \/ var(--video-aspect-ratio))}.elementor-widget-video .elementor-wrapper iframe,.elementor-widget-video .elementor-wrapper video{position:absolute;top:0;right:0;bottom:0;left:0}}.elementor-widget-video .elementor-open-inline .elementor-custom-embed-image-overlay{position:absolute;top:0;right:0;bottom:0;left:0;background-size:cover;background-position:50%}.elementor-widget-video .elementor-custom-embed-image-overlay{cursor:pointer;text-align:center}.elementor-widget-video .elementor-custom-embed-image-overlay:hover .elementor-custom-embed-play i{opacity:1}.elementor-widget-video .elementor-custom-embed-image-overlay img{display:block;width:100%;aspect-ratio:var(--video-aspect-ratio);-o-object-fit:cover;object-fit:cover;-o-object-position:center center;object-position:center center}@supports not (aspect-ratio:1\/1){.elementor-widget-video .elementor-custom-embed-image-overlay{position:relative;overflow:hidden;height:0;padding-bottom:calc(100% \/ var(--video-aspect-ratio))}.elementor-widget-video .elementor-custom-embed-image-overlay img{position:absolute;top:0;right:0;bottom:0;left:0}}.elementor-widget-video .e-hosted-video .elementor-video{-o-object-fit:cover;object-fit:cover}.e-con-inner>.elementor-widget-video,.e-con>.elementor-widget-video{width:var(--container-widget-width);--flex-grow:var(--container-widget-flex-grow)}<\/style>\t\t<div class=\"elementor-wrapper elementor-open-inline\">\n\t\t\t<div class=\"elementor-video\"><\/div>\t\t<\/div>\n\t\t\t\t<\/div>\n\t\t\t\t<\/div>\n\t\t\t\t\t<\/div>\n\t\t<\/div>\n\t\t\t\t\t\t\t<\/div>\n\t\t<\/section>\n\t\t\t\t\t\t\t<\/div>\n\t\t","protected":false},"excerpt":{"rendered":"<p class=\"post-excerpt\">digiQ, Bratislava Deskriptor: Gener\u00e1cia Z, zn\u00e1ma aj ako digit\u00e1lna gener\u00e1cia. Prv\u00e1 gener\u00e1cia, ktor\u00e1 e\u0161te neza\u017eila svet bez internetu. Soci\u00e1lne siete&#8230;<\/p>\n","protected":false},"author":1,"featured_media":241,"parent":0,"menu_order":0,"comment_status":"closed","ping_status":"closed","template":"","meta":{"footnotes":""},"class_list":["post-1658","page","type-page","status-publish","has-post-thumbnail","hentry"],"_links":{"self":[{"href":"http:\/\/stage.kodteatrum.hu\/sk\/wp-json\/wp\/v2\/pages\/1658","targetHints":{"allow":["GET"]}}],"collection":[{"href":"http:\/\/stage.kodteatrum.hu\/sk\/wp-json\/wp\/v2\/pages"}],"about":[{"href":"http:\/\/stage.kodteatrum.hu\/sk\/wp-json\/wp\/v2\/types\/page"}],"author":[{"embeddable":true,"href":"http:\/\/stage.kodteatrum.hu\/sk\/wp-json\/wp\/v2\/users\/1"}],"replies":[{"embeddable":true,"href":"http:\/\/stage.kodteatrum.hu\/sk\/wp-json\/wp\/v2\/comments?post=1658"}],"version-history":[{"count":1,"href":"http:\/\/stage.kodteatrum.hu\/sk\/wp-json\/wp\/v2\/pages\/1658\/revisions"}],"predecessor-version":[{"id":1659,"href":"http:\/\/stage.kodteatrum.hu\/sk\/wp-json\/wp\/v2\/pages\/1658\/revisions\/1659"}],"wp:featuredmedia":[{"embeddable":true,"href":"http:\/\/stage.kodteatrum.hu\/sk\/wp-json\/wp\/v2\/media\/241"}],"wp:attachment":[{"href":"http:\/\/stage.kodteatrum.hu\/sk\/wp-json\/wp\/v2\/media?parent=1658"}],"curies":[{"name":"wp","href":"https:\/\/api.w.org\/{rel}","templated":true}]}}