{"id":251,"date":"2021-04-28T10:11:34","date_gmt":"2021-04-28T10:11:34","guid":{"rendered":"https:\/\/stage.kodteatrum.hu\/homepage\/"},"modified":"2023-04-14T14:35:37","modified_gmt":"2023-04-14T14:35:37","slug":"homepage","status":"publish","type":"page","link":"http:\/\/stage.kodteatrum.hu\/en\/","title":{"rendered":"Home page"},"content":{"rendered":"\t\t<div data-elementor-type=\"wp-page\" data-elementor-id=\"251\" class=\"elementor elementor-251 elementor-5\">\n\t\t\t\t\t\t\t\t\t<section class=\"elementor-section elementor-top-section elementor-element elementor-element-bab28b8 elementor-section-boxed elementor-section-height-default elementor-section-height-default\" data-id=\"bab28b8\" data-element_type=\"section\">\n\t\t\t\t\t\t<div class=\"elementor-container elementor-column-gap-default\">\n\t\t\t\t\t<div class=\"elementor-column elementor-col-100 elementor-top-column elementor-element elementor-element-3842b00\" data-id=\"3842b00\" data-element_type=\"column\">\n\t\t\t<div class=\"elementor-widget-wrap elementor-element-populated\">\n\t\t\t\t\t\t\t\t<div class=\"elementor-element elementor-element-a2b6e2b elementor-widget elementor-widget-heading\" data-id=\"a2b6e2b\" data-element_type=\"widget\" data-widget_type=\"heading.default\">\n\t\t\t\t<div class=\"elementor-widget-container\">\n\t\t\t<style>\/*! elementor - v3.17.0 - 08-11-2023 *\/\n.elementor-heading-title{padding:0;margin:0;line-height:1}.elementor-widget-heading .elementor-heading-title[class*=elementor-size-]>a{color:inherit;font-size:inherit;line-height:inherit}.elementor-widget-heading .elementor-heading-title.elementor-size-small{font-size:15px}.elementor-widget-heading .elementor-heading-title.elementor-size-medium{font-size:19px}.elementor-widget-heading .elementor-heading-title.elementor-size-large{font-size:29px}.elementor-widget-heading .elementor-heading-title.elementor-size-xl{font-size:39px}.elementor-widget-heading .elementor-heading-title.elementor-size-xxl{font-size:59px}<\/style><h1 class=\"elementor-heading-title elementor-size-default\">INTERNATIONAL THEATRE EDUCATION PROJECT<\/h1>\t\t<\/div>\n\t\t\t\t<\/div>\n\t\t\t\t<section class=\"elementor-section elementor-inner-section elementor-element elementor-element-4da5311 elementor-section-boxed elementor-section-height-default elementor-section-height-default\" data-id=\"4da5311\" data-element_type=\"section\">\n\t\t\t\t\t\t<div class=\"elementor-container elementor-column-gap-default\">\n\t\t\t\t\t<div class=\"elementor-column elementor-col-50 elementor-inner-column elementor-element elementor-element-164886a\" data-id=\"164886a\" data-element_type=\"column\">\n\t\t\t<div class=\"elementor-widget-wrap elementor-element-populated\">\n\t\t\t\t\t\t\t\t<div class=\"elementor-element elementor-element-03c822b elementor-widget elementor-widget-image\" data-id=\"03c822b\" data-element_type=\"widget\" data-widget_type=\"image.default\">\n\t\t\t\t<div class=\"elementor-widget-container\">\n\t\t\t<style>\/*! elementor - v3.17.0 - 08-11-2023 *\/\n.elementor-widget-image{text-align:center}.elementor-widget-image a{display:inline-block}.elementor-widget-image a img[src$=\".svg\"]{width:48px}.elementor-widget-image img{vertical-align:middle;display:inline-block}<\/style>\t\t\t\t\t\t\t\t\t\t\t\t<img loading=\"lazy\" decoding=\"async\" width=\"949\" height=\"648\" src=\"http:\/\/stage.kodteatrum.hu\/wp-content\/uploads\/2022\/05\/terkep.png\" class=\"attachment-full size-full wp-image-1275\" alt=\"\" srcset=\"http:\/\/stage.kodteatrum.hu\/wp-content\/uploads\/2022\/05\/terkep.png 949w, http:\/\/stage.kodteatrum.hu\/wp-content\/uploads\/2022\/05\/terkep-300x205.png 300w, http:\/\/stage.kodteatrum.hu\/wp-content\/uploads\/2022\/05\/terkep-768x524.png 768w\" sizes=\"auto, (max-width: 949px) 100vw, 949px\" \/>\t\t\t\t\t\t\t\t\t\t\t\t\t\t\t<\/div>\n\t\t\t\t<\/div>\n\t\t\t\t\t<\/div>\n\t\t<\/div>\n\t\t\t\t<div class=\"elementor-column elementor-col-50 elementor-inner-column elementor-element elementor-element-1e11b68\" data-id=\"1e11b68\" data-element_type=\"column\">\n\t\t\t<div class=\"elementor-widget-wrap elementor-element-populated\">\n\t\t\t\t\t\t\t\t<div class=\"elementor-element elementor-element-48b2641 elementor-widget elementor-widget-image\" data-id=\"48b2641\" data-element_type=\"widget\" data-widget_type=\"image.default\">\n\t\t\t\t<div class=\"elementor-widget-container\">\n\t\t\t\t\t\t\t\t\t\t\t\t\t\t\t<img loading=\"lazy\" decoding=\"async\" width=\"700\" height=\"636\" src=\"http:\/\/stage.kodteatrum.hu\/wp-content\/uploads\/2022\/05\/erasmus-logo.jpg\" class=\"attachment-large size-large wp-image-1279\" alt=\"\" srcset=\"http:\/\/stage.kodteatrum.hu\/wp-content\/uploads\/2022\/05\/erasmus-logo.jpg 760w, http:\/\/stage.kodteatrum.hu\/wp-content\/uploads\/2022\/05\/erasmus-logo-300x273.jpg 300w\" sizes=\"auto, (max-width: 700px) 100vw, 700px\" \/>\t\t\t\t\t\t\t\t\t\t\t\t\t\t\t<\/div>\n\t\t\t\t<\/div>\n\t\t\t\t\t<\/div>\n\t\t<\/div>\n\t\t\t\t\t\t\t<\/div>\n\t\t<\/section>\n\t\t\t\t<div class=\"elementor-element elementor-element-409b799 elementor-widget elementor-widget-spacer\" data-id=\"409b799\" data-element_type=\"widget\" data-widget_type=\"spacer.default\">\n\t\t\t\t<div class=\"elementor-widget-container\">\n\t\t\t<style>\/*! elementor - v3.17.0 - 08-11-2023 *\/\n.elementor-column .elementor-spacer-inner{height:var(--spacer-size)}.e-con{--container-widget-width:100%}.e-con-inner>.elementor-widget-spacer,.e-con>.elementor-widget-spacer{width:var(--container-widget-width,var(--spacer-size));--align-self:var(--container-widget-align-self,initial);--flex-shrink:0}.e-con-inner>.elementor-widget-spacer>.elementor-widget-container,.e-con>.elementor-widget-spacer>.elementor-widget-container{height:100%;width:100%}.e-con-inner>.elementor-widget-spacer>.elementor-widget-container>.elementor-spacer,.e-con>.elementor-widget-spacer>.elementor-widget-container>.elementor-spacer{height:100%}.e-con-inner>.elementor-widget-spacer>.elementor-widget-container>.elementor-spacer>.elementor-spacer-inner,.e-con>.elementor-widget-spacer>.elementor-widget-container>.elementor-spacer>.elementor-spacer-inner{height:var(--container-widget-height,var(--spacer-size))}.e-con-inner>.elementor-widget-spacer.elementor-widget-empty,.e-con>.elementor-widget-spacer.elementor-widget-empty{position:relative;min-height:22px;min-width:22px}.e-con-inner>.elementor-widget-spacer.elementor-widget-empty .elementor-widget-empty-icon,.e-con>.elementor-widget-spacer.elementor-widget-empty .elementor-widget-empty-icon{position:absolute;top:0;bottom:0;left:0;right:0;margin:auto;padding:0;width:22px;height:22px}<\/style>\t\t<div class=\"elementor-spacer\">\n\t\t\t<div class=\"elementor-spacer-inner\"><\/div>\n\t\t<\/div>\n\t\t\t\t<\/div>\n\t\t\t\t<\/div>\n\t\t\t\t\t<\/div>\n\t\t<\/div>\n\t\t\t\t\t\t\t<\/div>\n\t\t<\/section>\n\t\t\t\t<section class=\"elementor-section elementor-top-section elementor-element elementor-element-8c8b3a5 elementor-section-boxed elementor-section-height-default elementor-section-height-default\" data-id=\"8c8b3a5\" data-element_type=\"section\">\n\t\t\t\t\t\t<div class=\"elementor-container elementor-column-gap-default\">\n\t\t\t\t\t<div class=\"elementor-column elementor-col-100 elementor-top-column elementor-element elementor-element-4a19f57\" data-id=\"4a19f57\" data-element_type=\"column\">\n\t\t\t<div class=\"elementor-widget-wrap elementor-element-populated\">\n\t\t\t\t\t\t\t\t<div class=\"elementor-element elementor-element-a51030c elementor-widget elementor-widget-text-editor\" data-id=\"a51030c\" data-element_type=\"widget\" data-widget_type=\"text-editor.default\">\n\t\t\t\t<div class=\"elementor-widget-container\">\n\t\t\t<style>\/*! elementor - v3.17.0 - 08-11-2023 *\/\n.elementor-widget-text-editor.elementor-drop-cap-view-stacked .elementor-drop-cap{background-color:#69727d;color:#fff}.elementor-widget-text-editor.elementor-drop-cap-view-framed .elementor-drop-cap{color:#69727d;border:3px solid;background-color:transparent}.elementor-widget-text-editor:not(.elementor-drop-cap-view-default) .elementor-drop-cap{margin-top:8px}.elementor-widget-text-editor:not(.elementor-drop-cap-view-default) .elementor-drop-cap-letter{width:1em;height:1em}.elementor-widget-text-editor .elementor-drop-cap{float:left;text-align:center;line-height:1;font-size:50px}.elementor-widget-text-editor .elementor-drop-cap-letter{display:inline-block}<\/style>\t\t\t\t<p><b><span data-contrast=\"auto\">We participate in the Erasmus+ international programme<\/span><\/b><\/p>\n<p><b><span data-contrast=\"auto\">Developing a methodology in international cooperation through drama pedagogy<\/span><\/b><\/p>\n<p><span data-contrast=\"auto\">Four organisations from three nations in 22 months, with the contribution of many young people and even younger ones, with their countless ideas, boundless optimism, openness and willingness to cooperate.<\/span><span data-ccp-props=\"{\"> <\/span><\/p>\n<p><span data-contrast=\"auto\">Coordinated by the Giving Hungary Foundation (Budapest, Hungary), the Erasmus+ project &#8220;All the world&#8217;s a stage &#8230;- but what kind of World?&#8221; will develop a methodology in cooperation with Abacusan St\u00fadi\u00f3 Oktat\u00e1sszervez\u0151 Nonprofit Kft. (Budapest, Hungary), DigiQ (Bratislava, Slovakia) and K\u00f6lcsey Ferenc F\u0151gimn\u00e1zium (Satu Mare, Romania).  <\/span><span data-ccp-props=\"{\"> <\/span><\/p>\n<p><span data-contrast=\"auto\">Contract number of the tender: 2020-1-HU01-KA227-YOU-094091<\/span><span data-ccp-props=\"{\"> <\/span><\/p>\n<p><span data-contrast=\"auto\">The implementation of the commitments made under this call for proposals will start on 01.04.2021 and will last until 31 January 2023.<\/span><span data-ccp-props=\"{\"> <\/span><\/p>\n<p><span data-ccp-props=\"{\"> <\/span><\/p>\n<p><span data-contrast=\"auto\">Quoted from the call for proposals:  <\/span><\/p>\n<p>&#8220;Partnership for creativity<span data-contrast=\"auto\">&#8220;<\/span><\/p>\n<p><span data-contrast=\"auto\">&#8220;&#8230;The aim of this type of application is to enhance the quality, innovation and recognition of youth work that supports the development of skills and competences that foster creativity and the development of the creative potential of young people, and thus contribute to the resilience of the cultural and creative sectors (i.e. the ability of individuals and communities to recover their original physical and mental well-being after experiencing a situation of distress)&#8230;&#8221;<\/span><span data-ccp-props=\"{\"> <\/span><\/p>\n<p><span data-contrast=\"auto\">&#8220;&#8230;One of the aims is to equip young people and adults with the tools and competences to develop creative and innovative solutions to tackle risks and societal challenges they have not faced before, and to see the potential of critical situations&#8230;&#8221;<\/span><\/p>\n\t\t\t\t\t\t<\/div>\n\t\t\t\t<\/div>\n\t\t\t\t\t<\/div>\n\t\t<\/div>\n\t\t\t\t\t\t\t<\/div>\n\t\t<\/section>\n\t\t\t\t<section class=\"elementor-section elementor-top-section elementor-element elementor-element-c177254 elementor-section-boxed elementor-section-height-default elementor-section-height-default\" data-id=\"c177254\" data-element_type=\"section\">\n\t\t\t\t\t\t<div class=\"elementor-container elementor-column-gap-default\">\n\t\t\t\t\t<div class=\"elementor-column elementor-col-100 elementor-top-column elementor-element elementor-element-38069d0\" data-id=\"38069d0\" data-element_type=\"column\">\n\t\t\t<div class=\"elementor-widget-wrap elementor-element-populated\">\n\t\t\t\t\t\t\t\t<div class=\"elementor-element elementor-element-c10282c elementor-widget elementor-widget-heading\" data-id=\"c10282c\" data-element_type=\"widget\" data-widget_type=\"heading.default\">\n\t\t\t\t<div class=\"elementor-widget-container\">\n\t\t\t<h2 class=\"elementor-heading-title elementor-size-default\">Coordinator<\/h2>\t\t<\/div>\n\t\t\t\t<\/div>\n\t\t\t\t\t<\/div>\n\t\t<\/div>\n\t\t\t\t\t\t\t<\/div>\n\t\t<\/section>\n\t\t\t\t<section class=\"elementor-section elementor-top-section elementor-element elementor-element-489b942 elementor-section-boxed elementor-section-height-default elementor-section-height-default\" data-id=\"489b942\" data-element_type=\"section\">\n\t\t\t\t\t\t<div class=\"elementor-container elementor-column-gap-default\">\n\t\t\t\t\t<div class=\"elementor-column elementor-col-50 elementor-top-column elementor-element elementor-element-f953dae\" data-id=\"f953dae\" data-element_type=\"column\">\n\t\t\t<div class=\"elementor-widget-wrap elementor-element-populated\">\n\t\t\t\t\t\t\t\t<div class=\"elementor-element elementor-element-510e5f8 elementor-widget elementor-widget-image\" data-id=\"510e5f8\" data-element_type=\"widget\" data-widget_type=\"image.default\">\n\t\t\t\t<div class=\"elementor-widget-container\">\n\t\t\t\t\t\t\t\t\t\t\t\t\t\t\t<img loading=\"lazy\" decoding=\"async\" width=\"700\" height=\"212\" src=\"http:\/\/stage.kodteatrum.hu\/wp-content\/uploads\/2022\/02\/givinghungary-cutout_FEHER-1024x310.png\" class=\"attachment-large size-large wp-image-44\" alt=\"\" srcset=\"http:\/\/stage.kodteatrum.hu\/wp-content\/uploads\/2022\/02\/givinghungary-cutout_FEHER-1024x310.png 1024w, http:\/\/stage.kodteatrum.hu\/wp-content\/uploads\/2022\/02\/givinghungary-cutout_FEHER-300x91.png 300w, http:\/\/stage.kodteatrum.hu\/wp-content\/uploads\/2022\/02\/givinghungary-cutout_FEHER-768x232.png 768w, http:\/\/stage.kodteatrum.hu\/wp-content\/uploads\/2022\/02\/givinghungary-cutout_FEHER-1536x465.png 1536w, http:\/\/stage.kodteatrum.hu\/wp-content\/uploads\/2022\/02\/givinghungary-cutout_FEHER-1140x345.png 1140w, http:\/\/stage.kodteatrum.hu\/wp-content\/uploads\/2022\/02\/givinghungary-cutout_FEHER.png 1956w\" sizes=\"auto, (max-width: 700px) 100vw, 700px\" \/>\t\t\t\t\t\t\t\t\t\t\t\t\t\t\t<\/div>\n\t\t\t\t<\/div>\n\t\t\t\t\t<\/div>\n\t\t<\/div>\n\t\t\t\t<div class=\"elementor-column elementor-col-50 elementor-top-column elementor-element elementor-element-2ac9193\" data-id=\"2ac9193\" data-element_type=\"column\">\n\t\t\t<div class=\"elementor-widget-wrap elementor-element-populated\">\n\t\t\t\t\t\t\t\t<div class=\"elementor-element elementor-element-b4df3e9 elementor-widget elementor-widget-image\" data-id=\"b4df3e9\" data-element_type=\"widget\" data-widget_type=\"image.default\">\n\t\t\t\t<div class=\"elementor-widget-container\">\n\t\t\t\t\t\t\t\t\t\t\t\t\t\t\t<img loading=\"lazy\" decoding=\"async\" width=\"489\" height=\"257\" src=\"http:\/\/stage.kodteatrum.hu\/wp-content\/uploads\/2022\/02\/KOD_Teatrum_logo-kicsi-cutout_fekete.png\" class=\"attachment-full size-full wp-image-45\" alt=\"\" srcset=\"http:\/\/stage.kodteatrum.hu\/wp-content\/uploads\/2022\/02\/KOD_Teatrum_logo-kicsi-cutout_fekete.png 489w, http:\/\/stage.kodteatrum.hu\/wp-content\/uploads\/2022\/02\/KOD_Teatrum_logo-kicsi-cutout_fekete-300x158.png 300w\" sizes=\"auto, (max-width: 489px) 100vw, 489px\" \/>\t\t\t\t\t\t\t\t\t\t\t\t\t\t\t<\/div>\n\t\t\t\t<\/div>\n\t\t\t\t\t<\/div>\n\t\t<\/div>\n\t\t\t\t\t\t\t<\/div>\n\t\t<\/section>\n\t\t\t\t<section class=\"elementor-section elementor-top-section elementor-element elementor-element-90462e1 elementor-section-boxed elementor-section-height-default elementor-section-height-default\" data-id=\"90462e1\" data-element_type=\"section\">\n\t\t\t\t\t\t<div class=\"elementor-container elementor-column-gap-default\">\n\t\t\t\t\t<div class=\"elementor-column elementor-col-100 elementor-top-column elementor-element elementor-element-6adcd80\" data-id=\"6adcd80\" data-element_type=\"column\">\n\t\t\t<div class=\"elementor-widget-wrap elementor-element-populated\">\n\t\t\t\t\t\t\t\t<div class=\"elementor-element elementor-element-bd38ad7 elementor-widget elementor-widget-image\" data-id=\"bd38ad7\" data-element_type=\"widget\" data-widget_type=\"image.default\">\n\t\t\t\t<div class=\"elementor-widget-container\">\n\t\t\t\t\t\t\t\t\t\t\t\t\t\t\t<img decoding=\"async\" src=\"http:\/\/stage.kodteatrum.hu\/wp-content\/uploads\/elementor\/thumbs\/Hungary-e1645799378863-pl1bd3tumr2onnprlk1m4fexk9kixd8r9ur0mqrqt0.png\" title=\"Hungary\" alt=\"Hungary\" loading=\"lazy\" \/>\t\t\t\t\t\t\t\t\t\t\t\t\t\t\t<\/div>\n\t\t\t\t<\/div>\n\t\t\t\t\t<\/div>\n\t\t<\/div>\n\t\t\t\t\t\t\t<\/div>\n\t\t<\/section>\n\t\t\t\t<section class=\"elementor-section elementor-top-section elementor-element elementor-element-8102ef2 elementor-section-boxed elementor-section-height-default elementor-section-height-default\" data-id=\"8102ef2\" data-element_type=\"section\">\n\t\t\t\t\t\t<div class=\"elementor-container elementor-column-gap-default\">\n\t\t\t\t\t<div class=\"elementor-column elementor-col-100 elementor-top-column elementor-element elementor-element-a5c1afd\" data-id=\"a5c1afd\" data-element_type=\"column\">\n\t\t\t<div class=\"elementor-widget-wrap elementor-element-populated\">\n\t\t\t\t\t\t\t\t<div class=\"elementor-element elementor-element-e403ea1 elementor-widget elementor-widget-spacer\" data-id=\"e403ea1\" data-element_type=\"widget\" data-widget_type=\"spacer.default\">\n\t\t\t\t<div class=\"elementor-widget-container\">\n\t\t\t\t\t<div class=\"elementor-spacer\">\n\t\t\t<div class=\"elementor-spacer-inner\"><\/div>\n\t\t<\/div>\n\t\t\t\t<\/div>\n\t\t\t\t<\/div>\n\t\t\t\t<div class=\"elementor-element elementor-element-f3f5f97 elementor-widget elementor-widget-heading\" data-id=\"f3f5f97\" data-element_type=\"widget\" data-widget_type=\"heading.default\">\n\t\t\t\t<div class=\"elementor-widget-container\">\n\t\t\t<h2 class=\"elementor-heading-title elementor-size-default\">Partners<\/h2>\t\t<\/div>\n\t\t\t\t<\/div>\n\t\t\t\t\t<\/div>\n\t\t<\/div>\n\t\t\t\t\t\t\t<\/div>\n\t\t<\/section>\n\t\t\t\t<section class=\"elementor-section elementor-top-section elementor-element elementor-element-9b97835 elementor-section-boxed elementor-section-height-default elementor-section-height-default\" data-id=\"9b97835\" data-element_type=\"section\">\n\t\t\t\t\t\t<div class=\"elementor-container elementor-column-gap-default\">\n\t\t\t\t\t<div class=\"elementor-column elementor-col-33 elementor-top-column elementor-element elementor-element-fd17283\" data-id=\"fd17283\" data-element_type=\"column\">\n\t\t\t<div class=\"elementor-widget-wrap elementor-element-populated\">\n\t\t\t\t\t\t\t\t<div class=\"elementor-element elementor-element-1a88300 elementor-widget elementor-widget-image\" data-id=\"1a88300\" data-element_type=\"widget\" data-widget_type=\"image.default\">\n\t\t\t\t<div class=\"elementor-widget-container\">\n\t\t\t\t\t\t\t\t\t\t\t\t\t\t\t<img loading=\"lazy\" decoding=\"async\" width=\"700\" height=\"700\" src=\"http:\/\/stage.kodteatrum.hu\/wp-content\/uploads\/2022\/02\/digiq-logo-1-1024x1024.jpg\" class=\"attachment-large size-large wp-image-48\" alt=\"\" srcset=\"http:\/\/stage.kodteatrum.hu\/wp-content\/uploads\/2022\/02\/digiq-logo-1-1024x1024.jpg 1024w, http:\/\/stage.kodteatrum.hu\/wp-content\/uploads\/2022\/02\/digiq-logo-1-300x300.jpg 300w, http:\/\/stage.kodteatrum.hu\/wp-content\/uploads\/2022\/02\/digiq-logo-1-150x150.jpg 150w, http:\/\/stage.kodteatrum.hu\/wp-content\/uploads\/2022\/02\/digiq-logo-1-768x768.jpg 768w, http:\/\/stage.kodteatrum.hu\/wp-content\/uploads\/2022\/02\/digiq-logo-1-1140x1140.jpg 1140w, http:\/\/stage.kodteatrum.hu\/wp-content\/uploads\/2022\/02\/digiq-logo-1.jpg 1200w\" sizes=\"auto, (max-width: 700px) 100vw, 700px\" \/>\t\t\t\t\t\t\t\t\t\t\t\t\t\t\t<\/div>\n\t\t\t\t<\/div>\n\t\t\t\t<div class=\"elementor-element elementor-element-6deee05 elementor-widget elementor-widget-image\" data-id=\"6deee05\" data-element_type=\"widget\" data-widget_type=\"image.default\">\n\t\t\t\t<div class=\"elementor-widget-container\">\n\t\t\t\t\t\t\t\t\t\t\t\t\t\t\t<img decoding=\"async\" src=\"http:\/\/stage.kodteatrum.hu\/wp-content\/uploads\/elementor\/thumbs\/Slovakia-e1645799390556-pl1bdf3wwri4iz9drox4yckgow0xhqhjbekue2b0qc.png\" title=\"Slovakia\" alt=\"Slovakia\" loading=\"lazy\" \/>\t\t\t\t\t\t\t\t\t\t\t\t\t\t\t<\/div>\n\t\t\t\t<\/div>\n\t\t\t\t\t<\/div>\n\t\t<\/div>\n\t\t\t\t<div class=\"elementor-column elementor-col-33 elementor-top-column elementor-element elementor-element-c04f174\" data-id=\"c04f174\" data-element_type=\"column\">\n\t\t\t<div class=\"elementor-widget-wrap elementor-element-populated\">\n\t\t\t\t\t\t\t\t<div class=\"elementor-element elementor-element-6e86912 elementor-widget elementor-widget-image\" data-id=\"6e86912\" data-element_type=\"widget\" data-widget_type=\"image.default\">\n\t\t\t\t<div class=\"elementor-widget-container\">\n\t\t\t\t\t\t\t\t\t\t\t\t\t\t\t<img loading=\"lazy\" decoding=\"async\" width=\"333\" height=\"341\" src=\"http:\/\/stage.kodteatrum.hu\/wp-content\/uploads\/2022\/02\/kolcsey.png\" class=\"attachment-large size-large wp-image-49\" alt=\"\" srcset=\"http:\/\/stage.kodteatrum.hu\/wp-content\/uploads\/2022\/02\/kolcsey.png 333w, http:\/\/stage.kodteatrum.hu\/wp-content\/uploads\/2022\/02\/kolcsey-293x300.png 293w\" sizes=\"auto, (max-width: 333px) 100vw, 333px\" \/>\t\t\t\t\t\t\t\t\t\t\t\t\t\t\t<\/div>\n\t\t\t\t<\/div>\n\t\t\t\t<div class=\"elementor-element elementor-element-a397517 elementor-widget elementor-widget-image\" data-id=\"a397517\" data-element_type=\"widget\" data-widget_type=\"image.default\">\n\t\t\t\t<div class=\"elementor-widget-container\">\n\t\t\t\t\t\t\t\t\t\t\t\t\t\t\t<img decoding=\"async\" src=\"http:\/\/stage.kodteatrum.hu\/wp-content\/uploads\/elementor\/thumbs\/Romania-e1645799398189-pl1bdmmmffsf3uygjs65iao5fyzv7bbe0fsq89zvck.png\" title=\"Romania\" alt=\"Romania\" loading=\"lazy\" \/>\t\t\t\t\t\t\t\t\t\t\t\t\t\t\t<\/div>\n\t\t\t\t<\/div>\n\t\t\t\t\t<\/div>\n\t\t<\/div>\n\t\t\t\t<div class=\"elementor-column elementor-col-33 elementor-top-column elementor-element elementor-element-aebb452\" data-id=\"aebb452\" data-element_type=\"column\">\n\t\t\t<div class=\"elementor-widget-wrap elementor-element-populated\">\n\t\t\t\t\t\t\t\t<div class=\"elementor-element elementor-element-54c088e elementor-widget elementor-widget-image\" data-id=\"54c088e\" data-element_type=\"widget\" data-widget_type=\"image.default\">\n\t\t\t\t<div class=\"elementor-widget-container\">\n\t\t\t\t\t\t\t\t\t\t\t\t\t\t\t<img loading=\"lazy\" decoding=\"async\" width=\"700\" height=\"700\" src=\"http:\/\/stage.kodteatrum.hu\/wp-content\/uploads\/2022\/02\/Abacusan_Vertikalis_FINAL_NE\u0301GYZET.png\" class=\"attachment-large size-large wp-image-50\" alt=\"\" srcset=\"http:\/\/stage.kodteatrum.hu\/wp-content\/uploads\/2022\/02\/Abacusan_Vertikalis_FINAL_NE\u0301GYZET.png 1000w, http:\/\/stage.kodteatrum.hu\/wp-content\/uploads\/2022\/02\/Abacusan_Vertikalis_FINAL_NE\u0301GYZET-300x300.png 300w, http:\/\/stage.kodteatrum.hu\/wp-content\/uploads\/2022\/02\/Abacusan_Vertikalis_FINAL_NE\u0301GYZET-150x150.png 150w, http:\/\/stage.kodteatrum.hu\/wp-content\/uploads\/2022\/02\/Abacusan_Vertikalis_FINAL_NE\u0301GYZET-768x768.png 768w\" sizes=\"auto, (max-width: 700px) 100vw, 700px\" \/>\t\t\t\t\t\t\t\t\t\t\t\t\t\t\t<\/div>\n\t\t\t\t<\/div>\n\t\t\t\t<div class=\"elementor-element elementor-element-3120d55 elementor-widget elementor-widget-image\" data-id=\"3120d55\" data-element_type=\"widget\" data-widget_type=\"image.default\">\n\t\t\t\t<div class=\"elementor-widget-container\">\n\t\t\t\t\t\t\t\t\t\t\t\t\t\t\t<img decoding=\"async\" src=\"http:\/\/stage.kodteatrum.hu\/wp-content\/uploads\/elementor\/thumbs\/Hungary-e1645799378863-pl1bd3tumr2onnprlk1m4fexk9kixd8r9ur0mqrqt0.png\" title=\"Hungary\" alt=\"Hungary\" loading=\"lazy\" \/>\t\t\t\t\t\t\t\t\t\t\t\t\t\t\t<\/div>\n\t\t\t\t<\/div>\n\t\t\t\t\t<\/div>\n\t\t<\/div>\n\t\t\t\t\t\t\t<\/div>\n\t\t<\/section>\n\t\t\t\t\t\t\t<\/div>\n\t\t","protected":false},"excerpt":{"rendered":"<p class=\"post-excerpt\">INTERNATIONAL THEATRE EDUCATION PROJECT We participate in the Erasmus+ international programme Developing a methodology in international cooperation through drama pedagogy&#8230;<\/p>\n","protected":false},"author":1,"featured_media":0,"parent":0,"menu_order":0,"comment_status":"closed","ping_status":"closed","template":"template-fullwidth.php","meta":{"footnotes":""},"class_list":["post-251","page","type-page","status-publish","hentry"],"_links":{"self":[{"href":"http:\/\/stage.kodteatrum.hu\/en\/wp-json\/wp\/v2\/pages\/251","targetHints":{"allow":["GET"]}}],"collection":[{"href":"http:\/\/stage.kodteatrum.hu\/en\/wp-json\/wp\/v2\/pages"}],"about":[{"href":"http:\/\/stage.kodteatrum.hu\/en\/wp-json\/wp\/v2\/types\/page"}],"author":[{"embeddable":true,"href":"http:\/\/stage.kodteatrum.hu\/en\/wp-json\/wp\/v2\/users\/1"}],"replies":[{"embeddable":true,"href":"http:\/\/stage.kodteatrum.hu\/en\/wp-json\/wp\/v2\/comments?post=251"}],"version-history":[{"count":9,"href":"http:\/\/stage.kodteatrum.hu\/en\/wp-json\/wp\/v2\/pages\/251\/revisions"}],"predecessor-version":[{"id":2237,"href":"http:\/\/stage.kodteatrum.hu\/en\/wp-json\/wp\/v2\/pages\/251\/revisions\/2237"}],"wp:attachment":[{"href":"http:\/\/stage.kodteatrum.hu\/en\/wp-json\/wp\/v2\/media?parent=251"}],"curies":[{"name":"wp","href":"https:\/\/api.w.org\/{rel}","templated":true}]}}